{"id":17,"date":"2023-08-05T18:07:05","date_gmt":"2023-08-05T18:07:05","guid":{"rendered":"http:\/\/lestersdeli.com\/?page_id=17"},"modified":"2026-04-06T12:42:23","modified_gmt":"2026-04-06T16:42:23","slug":"lesters-deli-catering-event-service","status":"publish","type":"page","link":"https:\/\/lestersdeli.com\/fr\/lesters-deli-catering-event-service\/","title":{"rendered":"Traiteur d'\u00e9v\u00e9nements"},"content":{"rendered":"<div data-elementor-type=\"wp-page\" data-elementor-id=\"17\" class=\"elementor elementor-17\" data-elementor-post-type=\"page\">\n\t\t\t\t<div class=\"elementor-element elementor-element-b61dcae e-flex e-con-boxed e-con e-parent\" data-id=\"b61dcae\" data-element_type=\"container\" data-e-type=\"container\">\n\t\t\t\t\t<div class=\"e-con-inner\">\n\t\t<div class=\"elementor-element elementor-element-254bfaf e-con-full e-flex e-con e-child\" data-id=\"254bfaf\" data-element_type=\"container\" data-e-type=\"container\">\n\t\t\t\t<div class=\"elementor-element elementor-element-377c14e elementor-widget elementor-widget-heading\" data-id=\"377c14e\" data-element_type=\"widget\" data-e-type=\"widget\" data-widget_type=\"heading.default\">\n\t\t\t\t<div class=\"elementor-widget-container\">\n\t\t\t\t\t<h1 class=\"elementor-heading-title elementor-size-default\">LESTERS DELI CATERING EVENT SERVICE <\/h1>\t\t\t\t<\/div>\n\t\t\t\t<\/div>\n\t\t\t\t<div class=\"elementor-element elementor-element-e4fdb1d elementor-widget elementor-widget-text-editor\" data-id=\"e4fdb1d\" data-element_type=\"widget\" data-e-type=\"widget\" data-widget_type=\"text-editor.default\">\n\t\t\t\t<div class=\"elementor-widget-container\">\n\t\t\t\t\t\t\t\t\t<p>Nous ne sommes pas une \u00e9quipe de traiteur ordinaire ; nous sommes des maestros culinaires passionn\u00e9s par la cr\u00e9ation de services de traiteur de premier plan inoubliables. Des sensations fumantes aux plats pr\u00e9f\u00e9r\u00e9s \u00e0 se mettre sous la dent, notre menu est une montagne russe gastronomique qui fera passer votre \u00e9v\u00e9nement au niveau sup\u00e9rieur !<\/p>\t\t\t\t\t\t\t\t<\/div>\n\t\t\t\t<\/div>\n\t\t\t\t<div class=\"elementor-element elementor-element-b09b905 elementor-widget elementor-widget-heading\" data-id=\"b09b905\" data-element_type=\"widget\" data-e-type=\"widget\" data-widget_type=\"heading.default\">\n\t\t\t\t<div class=\"elementor-widget-container\">\n\t\t\t\t\t<h2 class=\"elementor-heading-title elementor-size-default\">DONNEZ LE COUP D'ENVOI DE VOTRE C\u00c9L\u00c9BRATION AVEC LE SERVICE DE TRAITEUR DE LESTERS DELI !<\/h2>\t\t\t\t<\/div>\n\t\t\t\t<\/div>\n\t\t\t\t<\/div>\n\t\t<div class=\"elementor-element elementor-element-e11c4d1 e-con-full e-flex e-con e-child\" data-id=\"e11c4d1\" data-element_type=\"container\" data-e-type=\"container\">\n\t\t\t\t<div class=\"elementor-element elementor-element-9b734b7 elementor-widget elementor-widget-image\" data-id=\"9b734b7\" data-element_type=\"widget\" data-e-type=\"widget\" data-settings=\"{&quot;motion_fx_motion_fx_scrolling&quot;:&quot;yes&quot;,&quot;motion_fx_translateY_effect&quot;:&quot;yes&quot;,&quot;motion_fx_translateY_direction&quot;:&quot;negative&quot;,&quot;motion_fx_rotateZ_effect&quot;:&quot;yes&quot;,&quot;motion_fx_rotateZ_direction&quot;:&quot;negative&quot;,&quot;motion_fx_rotateZ_speed&quot;:{&quot;unit&quot;:&quot;px&quot;,&quot;size&quot;:1.7,&quot;sizes&quot;:[]},&quot;motion_fx_opacity_effect&quot;:&quot;yes&quot;,&quot;motion_fx_opacity_direction&quot;:&quot;in-out&quot;,&quot;motion_fx_opacity_range&quot;:{&quot;unit&quot;:&quot;%&quot;,&quot;size&quot;:&quot;&quot;,&quot;sizes&quot;:{&quot;start&quot;:41,&quot;end&quot;:80}},&quot;motion_fx_translateY_speed&quot;:{&quot;unit&quot;:&quot;px&quot;,&quot;size&quot;:4,&quot;sizes&quot;:[]},&quot;motion_fx_translateY_affectedRange&quot;:{&quot;unit&quot;:&quot;%&quot;,&quot;size&quot;:&quot;&quot;,&quot;sizes&quot;:{&quot;start&quot;:0,&quot;end&quot;:100}},&quot;motion_fx_opacity_level&quot;:{&quot;unit&quot;:&quot;px&quot;,&quot;size&quot;:10,&quot;sizes&quot;:[]},&quot;motion_fx_rotateZ_affectedRange&quot;:{&quot;unit&quot;:&quot;%&quot;,&quot;size&quot;:&quot;&quot;,&quot;sizes&quot;:{&quot;start&quot;:0,&quot;end&quot;:100}},&quot;motion_fx_devices&quot;:[&quot;desktop&quot;,&quot;tablet&quot;,&quot;mobile&quot;]}\" data-widget_type=\"image.default\">\n\t\t\t\t<div class=\"elementor-widget-container\">\n\t\t\t\t\t\t\t\t\t\t\t\t\t\t\t<img fetchpriority=\"high\" decoding=\"async\" width=\"739\" height=\"516\" src=\"https:\/\/i0.wp.com\/lestersdeli.com\/wp-content\/uploads\/2023\/08\/CATERING-ICONS-12.png?fit=739%2C516&amp;ssl=1\" class=\"attachment-large size-large wp-image-135\" alt=\"LESTERS DELI CATERING\" srcset=\"https:\/\/i0.wp.com\/lestersdeli.com\/wp-content\/uploads\/2023\/08\/CATERING-ICONS-12.png?w=739&amp;ssl=1 739w, https:\/\/i0.wp.com\/lestersdeli.com\/wp-content\/uploads\/2023\/08\/CATERING-ICONS-12.png?resize=300%2C209&amp;ssl=1 300w\" sizes=\"(max-width: 739px) 100vw, 739px\" \/>\t\t\t\t\t\t\t\t\t\t\t\t\t\t\t<\/div>\n\t\t\t\t<\/div>\n\t\t\t\t<\/div>\n\t\t<div class=\"elementor-element elementor-element-a69cd03 e-con-full e-flex e-con e-child\" data-id=\"a69cd03\" data-element_type=\"container\" data-e-type=\"container\">\n\t\t\t\t<div class=\"elementor-element elementor-element-985a459 elementor-widget elementor-widget-global elementor-global-1909 elementor-widget-text-editor\" data-id=\"985a459\" data-element_type=\"widget\" data-e-type=\"widget\" data-settings=\"{&quot;_animation_mobile&quot;:&quot;fadeIn&quot;}\" data-widget_type=\"text-editor.default\">\n\t\t\t\t<div class=\"elementor-widget-container\">\n\t\t\t\t\t\t\t\t\t<p><span style=\"color: #eeeae0;\"><a style=\"color: #eeeae0;\" href=\"tel:514-213-1313\" data-wplink-edit=\"true\">APPELER MAINTENANT<\/a><\/span><\/p>\t\t\t\t\t\t\t\t<\/div>\n\t\t\t\t<\/div>\n\t\t\t\t<div class=\"elementor-element elementor-element-e7bea72 elementor-widget elementor-widget-text-editor\" data-id=\"e7bea72\" data-element_type=\"widget\" data-e-type=\"widget\" data-widget_type=\"text-editor.default\">\n\t\t\t\t<div class=\"elementor-widget-container\">\n\t\t\t\t\t\t\t\t\t<p style=\"text-align: center;\"><span style=\"color: #e70406;\"><a style=\"color: #e70406;\" href=\"tel:514-213-1313\">R\u00c9SERVEZ D\u00c8S MAINTENANT !<\/a><\/span><span style=\"color: #e70406;\"><a style=\"color: #e70406;\" href=\"https:\/\/voice.google.com\/u\/0\/calls?a=nc,tel:%2B15142131313\" target=\"_blank\" rel=\"noopener\"> <br \/>Appeler le 514-213-1313<\/a><\/span><\/p>\t\t\t\t\t\t\t\t<\/div>\n\t\t\t\t<\/div>\n\t\t\t\t<\/div>\n\t\t<div class=\"elementor-element elementor-element-bcc2bf2 e-con-full e-flex e-con e-child\" data-id=\"bcc2bf2\" data-element_type=\"container\" data-e-type=\"container\">\n\t\t\t\t<div class=\"elementor-element elementor-element-1eff527 elementor-widget elementor-widget-image\" data-id=\"1eff527\" data-element_type=\"widget\" data-e-type=\"widget\" data-settings=\"{&quot;motion_fx_motion_fx_scrolling&quot;:&quot;yes&quot;,&quot;motion_fx_rotateZ_effect&quot;:&quot;yes&quot;,&quot;motion_fx_rotateZ_speed&quot;:{&quot;unit&quot;:&quot;px&quot;,&quot;size&quot;:0.5,&quot;sizes&quot;:[]},&quot;motion_fx_rotateZ_affectedRange&quot;:{&quot;unit&quot;:&quot;%&quot;,&quot;size&quot;:&quot;&quot;,&quot;sizes&quot;:{&quot;start&quot;:0,&quot;end&quot;:100}},&quot;motion_fx_devices&quot;:[&quot;desktop&quot;,&quot;tablet&quot;,&quot;mobile&quot;]}\" data-widget_type=\"image.default\">\n\t\t\t\t<div class=\"elementor-widget-container\">\n\t\t\t\t\t\t\t\t\t\t\t\t\t\t\t<img decoding=\"async\" width=\"674\" height=\"675\" src=\"https:\/\/i0.wp.com\/lestersdeli.com\/wp-content\/uploads\/2023\/08\/CATERING-ICONS-11.png?fit=674%2C675&amp;ssl=1\" class=\"attachment-large size-large wp-image-134\" alt=\"\" srcset=\"https:\/\/i0.wp.com\/lestersdeli.com\/wp-content\/uploads\/2023\/08\/CATERING-ICONS-11.png?w=674&amp;ssl=1 674w, https:\/\/i0.wp.com\/lestersdeli.com\/wp-content\/uploads\/2023\/08\/CATERING-ICONS-11.png?resize=300%2C300&amp;ssl=1 300w, https:\/\/i0.wp.com\/lestersdeli.com\/wp-content\/uploads\/2023\/08\/CATERING-ICONS-11.png?resize=150%2C150&amp;ssl=1 150w\" sizes=\"(max-width: 674px) 100vw, 674px\">\t\t\t\t\t\t\t\t\t\t\t\t\t\t\t<\/div>\n\t\t\t\t<\/div>\n\t\t\t\t<\/div>\n\t\t\t\t\t<\/div>\n\t\t\t\t<\/div>\n\t\t<div class=\"elementor-element elementor-element-3cf214d e-flex e-con-boxed e-con e-parent\" data-id=\"3cf214d\" data-element_type=\"container\" data-e-type=\"container\">\n\t\t\t\t\t<div class=\"e-con-inner\">\n\t\t\t\t<div class=\"elementor-element elementor-element-c832c36 elementor-pagination-position-outside elementor-widget elementor-widget-image-carousel\" data-id=\"c832c36\" data-element_type=\"widget\" data-e-type=\"widget\" data-settings=\"{&quot;navigation&quot;:&quot;dots&quot;,&quot;slides_to_show_tablet&quot;:&quot;3&quot;,&quot;slides_to_show&quot;:&quot;4&quot;,&quot;slides_to_show_mobile&quot;:&quot;1&quot;,&quot;autoplay&quot;:&quot;yes&quot;,&quot;pause_on_hover&quot;:&quot;yes&quot;,&quot;pause_on_interaction&quot;:&quot;yes&quot;,&quot;autoplay_speed&quot;:5000,&quot;infinite&quot;:&quot;yes&quot;,&quot;speed&quot;:500}\" data-widget_type=\"image-carousel.default\">\n\t\t\t\t<div class=\"elementor-widget-container\">\n\t\t\t\t\t\t\t<div class=\"elementor-image-carousel-wrapper swiper\" role=\"region\" aria-roledescription=\"carousel\" aria-label=\"Carrousel d&#039;images\" dir=\"ltr\">\n\t\t\t<div class=\"elementor-image-carousel swiper-wrapper swiper-image-stretch\" aria-live=\"off\">\n\t\t\t\t\t\t\t\t<div class=\"swiper-slide\" role=\"group\" aria-roledescription=\"slide\" aria-label=\"1 de 17\"><figure class=\"swiper-slide-inner\"><img decoding=\"async\" class=\"swiper-slide-image\" src=\"https:\/\/i0.wp.com\/lestersdeli.com\/wp-content\/uploads\/2023\/10\/DSC02505.jpg?fit=900%2C1200&amp;ssl=1\" alt=\"LESTERS DELI CATERING EVENT SERVICE\" \/><\/figure><\/div><div class=\"swiper-slide\" role=\"group\" aria-roledescription=\"slide\" aria-label=\"2 de 17\"><figure class=\"swiper-slide-inner\"><img decoding=\"async\" class=\"swiper-slide-image\" src=\"https:\/\/i0.wp.com\/lestersdeli.com\/wp-content\/uploads\/2023\/10\/DSC02320.webp?fit=900%2C1200&amp;ssl=1\" alt=\"DSC02320\" \/><\/figure><\/div><div class=\"swiper-slide\" role=\"group\" aria-roledescription=\"slide\" aria-label=\"3 de 17\"><figure class=\"swiper-slide-inner\"><img decoding=\"async\" class=\"swiper-slide-image\" src=\"https:\/\/i0.wp.com\/lestersdeli.com\/wp-content\/uploads\/2023\/10\/DSC02348.jpg?fit=900%2C1200&amp;ssl=1\" alt=\"DSC02348\" \/><\/figure><\/div><div class=\"swiper-slide\" role=\"group\" aria-roledescription=\"slide\" aria-label=\"4 de 17\"><figure class=\"swiper-slide-inner\"><img decoding=\"async\" class=\"swiper-slide-image\" src=\"https:\/\/i0.wp.com\/lestersdeli.com\/wp-content\/uploads\/2023\/10\/DSC02164.jpg?fit=900%2C1200&amp;ssl=1\" alt=\"DSC02164\" \/><\/figure><\/div><div class=\"swiper-slide\" role=\"group\" aria-roledescription=\"slide\" aria-label=\"5 de 17\"><figure class=\"swiper-slide-inner\"><img decoding=\"async\" class=\"swiper-slide-image\" src=\"https:\/\/i0.wp.com\/lestersdeli.com\/wp-content\/uploads\/2023\/10\/DSC02245.jpg?fit=900%2C1200&amp;ssl=1\" alt=\"DSC02245\" \/><\/figure><\/div><div class=\"swiper-slide\" role=\"group\" aria-roledescription=\"slide\" aria-label=\"6 de 17\"><figure class=\"swiper-slide-inner\"><img decoding=\"async\" class=\"swiper-slide-image\" src=\"https:\/\/i0.wp.com\/lestersdeli.com\/wp-content\/uploads\/2023\/10\/DSC02486.jpg?fit=900%2C1200&amp;ssl=1\" alt=\"DSC02486\" \/><\/figure><\/div><div class=\"swiper-slide\" role=\"group\" aria-roledescription=\"slide\" aria-label=\"7 de 17\"><figure class=\"swiper-slide-inner\"><img decoding=\"async\" class=\"swiper-slide-image\" src=\"https:\/\/i0.wp.com\/lestersdeli.com\/wp-content\/uploads\/2023\/10\/DSC02351.jpg?fit=900%2C1200&amp;ssl=1\" alt=\"DSC02351\" \/><\/figure><\/div><div class=\"swiper-slide\" role=\"group\" aria-roledescription=\"slide\" aria-label=\"8 de 17\"><figure class=\"swiper-slide-inner\"><img decoding=\"async\" class=\"swiper-slide-image\" src=\"https:\/\/i0.wp.com\/lestersdeli.com\/wp-content\/uploads\/2023\/10\/DSC02415.webp?fit=900%2C1200&amp;ssl=1\" alt=\"DSC02415\" \/><\/figure><\/div><div class=\"swiper-slide\" role=\"group\" aria-roledescription=\"slide\" aria-label=\"9 de 17\"><figure class=\"swiper-slide-inner\"><img decoding=\"async\" class=\"swiper-slide-image\" src=\"https:\/\/i0.wp.com\/lestersdeli.com\/wp-content\/uploads\/2023\/10\/DSC02434.jpg?fit=900%2C1200&amp;ssl=1\" alt=\"Montreal Foodies Putine\" \/><\/figure><\/div><div class=\"swiper-slide\" role=\"group\" aria-roledescription=\"slide\" aria-label=\"10 de 17\"><figure class=\"swiper-slide-inner\"><img decoding=\"async\" class=\"swiper-slide-image\" src=\"https:\/\/i0.wp.com\/lestersdeli.com\/wp-content\/uploads\/2023\/10\/DSC02470.jpg?fit=900%2C1200&amp;ssl=1\" alt=\"DSC02470\" \/><\/figure><\/div><div class=\"swiper-slide\" role=\"group\" aria-roledescription=\"slide\" aria-label=\"11 de 17\"><figure class=\"swiper-slide-inner\"><img decoding=\"async\" class=\"swiper-slide-image\" src=\"https:\/\/i0.wp.com\/lestersdeli.com\/wp-content\/uploads\/2023\/10\/DSC02654.jpg?fit=900%2C1200&amp;ssl=1\" alt=\"Lesters Food in montreal\" \/><\/figure><\/div><div class=\"swiper-slide\" role=\"group\" aria-roledescription=\"slide\" aria-label=\"12 de 17\"><figure class=\"swiper-slide-inner\"><img decoding=\"async\" class=\"swiper-slide-image\" src=\"https:\/\/i0.wp.com\/lestersdeli.com\/wp-content\/uploads\/2023\/10\/DSC02371.jpg?fit=900%2C1200&amp;ssl=1\" alt=\"DSC02371\" \/><\/figure><\/div><div class=\"swiper-slide\" role=\"group\" aria-roledescription=\"slide\" aria-label=\"13 de 17\"><figure class=\"swiper-slide-inner\"><img decoding=\"async\" class=\"swiper-slide-image\" src=\"https:\/\/i0.wp.com\/lestersdeli.com\/wp-content\/uploads\/2023\/10\/DSC02213.jpg?fit=900%2C1200&amp;ssl=1\" alt=\"DSC02213\" \/><\/figure><\/div><div class=\"swiper-slide\" role=\"group\" aria-roledescription=\"slide\" aria-label=\"14 de 17\"><figure class=\"swiper-slide-inner\"><img decoding=\"async\" class=\"swiper-slide-image\" src=\"https:\/\/i0.wp.com\/lestersdeli.com\/wp-content\/uploads\/2023\/10\/DSC02484.jpg?fit=900%2C1200&amp;ssl=1\" alt=\"DSC02484\" \/><\/figure><\/div><div class=\"swiper-slide\" role=\"group\" aria-roledescription=\"slide\" aria-label=\"15 de 17\"><figure class=\"swiper-slide-inner\"><img decoding=\"async\" class=\"swiper-slide-image\" src=\"https:\/\/i0.wp.com\/lestersdeli.com\/wp-content\/uploads\/2023\/10\/DSC02536.jpg?fit=900%2C1200&amp;ssl=1\" alt=\"DSC02536\" \/><\/figure><\/div><div class=\"swiper-slide\" role=\"group\" aria-roledescription=\"slide\" aria-label=\"16 de 17\"><figure class=\"swiper-slide-inner\"><img decoding=\"async\" class=\"swiper-slide-image\" src=\"https:\/\/i0.wp.com\/lestersdeli.com\/wp-content\/uploads\/2023\/10\/DSC02615.jpg?fit=900%2C1200&amp;ssl=1\" alt=\"LESTER&#039;S DELI OUTREMONT\" \/><\/figure><\/div><div class=\"swiper-slide\" role=\"group\" aria-roledescription=\"slide\" aria-label=\"17 de 17\"><figure class=\"swiper-slide-inner\"><img decoding=\"async\" class=\"swiper-slide-image\" src=\"https:\/\/i0.wp.com\/lestersdeli.com\/wp-content\/uploads\/2023\/10\/DSC02227.jpg?fit=900%2C1200&amp;ssl=1\" alt=\"DSC02227\" \/><\/figure><\/div>\t\t\t<\/div>\n\t\t\t\t\t\t\t\n\t\t\t\t\t\t\t\t\t<div class=\"swiper-pagination\"><\/div>\n\t\t\t\t\t\t\t\t\t<\/div>\n\t\t\t\t\t\t<\/div>\n\t\t\t\t<\/div>\n\t\t\t\t<div class=\"elementor-element elementor-element-46acb3b elementor-widget elementor-widget-heading\" data-id=\"46acb3b\" data-element_type=\"widget\" data-e-type=\"widget\" data-widget_type=\"heading.default\">\n\t\t\t\t<div class=\"elementor-widget-container\">\n\t\t\t\t\t<h2 class=\"elementor-heading-title elementor-size-default\">SERVICES DE RESTAURATION \u00c0 MONTR\u00c9AL ET DANS LES R\u00c9GIONS AVOISINANTES<\/h2>\t\t\t\t<\/div>\n\t\t\t\t<\/div>\n\t\t\t\t<div class=\"elementor-element elementor-element-0c5f37e elementor-widget elementor-widget-text-editor\" data-id=\"0c5f37e\" data-element_type=\"widget\" data-e-type=\"widget\" data-widget_type=\"text-editor.default\">\n\t\t\t\t<div class=\"elementor-widget-container\">\n\t\t\t\t\t\t\t\t\t<p>Choisissez Lester's Catering pour des services de traiteur de premier ordre \u00e0 Montr\u00e9al. Notre \u00e9quipe d'experts culinaires \u00e9labore des menus exquis con\u00e7us pour rehausser n'importe quel \u00e9v\u00e9nement. Que vous organisiez un gala d'entreprise ou une c\u00e9l\u00e9bration priv\u00e9e, faites confiance au meilleur traiteur de Montr\u00e9al pour go\u00fbter \u00e0 l'excellence. R\u00e9servez votre exp\u00e9rience remarquable d\u00e8s aujourd'hui !<\/p>\t\t\t\t\t\t\t\t<\/div>\n\t\t\t\t<\/div>\n\t\t\t\t<div class=\"elementor-element elementor-element-7737e1f elementor-align-center elementor-mobile-align-center elementor-widget elementor-widget-button\" data-id=\"7737e1f\" data-element_type=\"widget\" data-e-type=\"widget\" data-widget_type=\"button.default\">\n\t\t\t\t<div class=\"elementor-widget-container\">\n\t\t\t\t\t\t\t\t\t<div class=\"elementor-button-wrapper\">\n\t\t\t\t\t<a class=\"elementor-button elementor-button-link elementor-size-sm\" href=\"https:\/\/lestersdeli.com\/fr\/lesters-deli-menu-famous-smoked-meat-menu\/\" target=\"_blank\">\n\t\t\t\t\t\t<span class=\"elementor-button-content-wrapper\">\n\t\t\t\t\t\t\t\t\t<span class=\"elementor-button-text\">Voir le menu complet<\/span>\n\t\t\t\t\t<\/span>\n\t\t\t\t\t<\/a>\n\t\t\t\t<\/div>\n\t\t\t\t\t\t\t\t<\/div>\n\t\t\t\t<\/div>\n\t\t\t\t\t<\/div>\n\t\t\t\t<\/div>\n\t\t\t\t<\/div>","protected":false},"excerpt":{"rendered":"<p>LESTERS DELI CATERING EVENT SERVICE Nous ne sommes pas une \u00e9quipe de traiteur ordinaire ; nous sommes des maestros culinaires passionn\u00e9s par la cr\u00e9ation de services de traiteur inoubliables. Des sensations fumantes aux plats pr\u00e9f\u00e9r\u00e9s \u00e0 se mettre sous la dent, notre menu est une montagne russe gastronomique qui fera passer votre \u00e9v\u00e9nement au niveau sup\u00e9rieur ! DONNEZ LE COUP D'ENVOI DE VOTRE C\u00c9L\u00c9BRATION AVEC LE SERVICE DE TRAITEUR DE LESTERS DELI ! APPELEZ MAINTENANT R\u00c9SERVEZ [...]<\/p>","protected":false},"author":1,"featured_media":1445,"parent":0,"menu_order":0,"comment_status":"closed","ping_status":"closed","template":"elementor_header_footer","meta":{"footnotes":""},"class_list":["post-17","page","type-page","status-publish","has-post-thumbnail","hentry"],"jetpack_sharing_enabled":true,"_links":{"self":[{"href":"https:\/\/lestersdeli.com\/fr\/wp-json\/wp\/v2\/pages\/17","targetHints":{"allow":["GET"]}}],"collection":[{"href":"https:\/\/lestersdeli.com\/fr\/wp-json\/wp\/v2\/pages"}],"about":[{"href":"https:\/\/lestersdeli.com\/fr\/wp-json\/wp\/v2\/types\/page"}],"author":[{"embeddable":true,"href":"https:\/\/lestersdeli.com\/fr\/wp-json\/wp\/v2\/users\/1"}],"replies":[{"embeddable":true,"href":"https:\/\/lestersdeli.com\/fr\/wp-json\/wp\/v2\/comments?post=17"}],"version-history":[{"count":33,"href":"https:\/\/lestersdeli.com\/fr\/wp-json\/wp\/v2\/pages\/17\/revisions"}],"predecessor-version":[{"id":5339,"href":"https:\/\/lestersdeli.com\/fr\/wp-json\/wp\/v2\/pages\/17\/revisions\/5339"}],"wp:featuredmedia":[{"embeddable":true,"href":"https:\/\/lestersdeli.com\/fr\/wp-json\/wp\/v2\/media\/1445"}],"wp:attachment":[{"href":"https:\/\/lestersdeli.com\/fr\/wp-json\/wp\/v2\/media?parent=17"}],"curies":[{"name":"wp","href":"https:\/\/api.w.org\/{rel}","templated":true}]}}