{"id":1931,"date":"2023-10-22T18:55:28","date_gmt":"2023-10-22T18:55:28","guid":{"rendered":"https:\/\/lestersdeli.com\/?page_id=1931"},"modified":"2023-11-03T00:04:46","modified_gmt":"2023-11-03T00:04:46","slug":"lesters-deli-franchise-opportunities","status":"publish","type":"page","link":"https:\/\/lestersdeli.com\/fr\/lesters-deli-franchise-opportunities\/","title":{"rendered":"Franchise Lester's Deli"},"content":{"rendered":"<div data-elementor-type=\"wp-page\" data-elementor-id=\"1931\" class=\"elementor elementor-1931\" data-elementor-post-type=\"page\">\n\t\t\t\t<div class=\"elementor-element elementor-element-29348f5 e-flex e-con-boxed e-con e-parent\" data-id=\"29348f5\" data-element_type=\"container\" data-e-type=\"container\" data-settings=\"{&quot;background_background&quot;:&quot;classic&quot;}\">\n\t\t\t\t\t<div class=\"e-con-inner\">\n\t\t<div class=\"elementor-element elementor-element-af7211e e-con-full e-flex e-con e-child\" data-id=\"af7211e\" data-element_type=\"container\" data-e-type=\"container\">\n\t\t\t\t<div class=\"elementor-element elementor-element-c0395fd elementor-widget elementor-widget-heading\" data-id=\"c0395fd\" data-element_type=\"widget\" data-e-type=\"widget\" data-widget_type=\"heading.default\">\n\t\t\t\t<div class=\"elementor-widget-container\">\n\t\t\t\t\t<h1 class=\"elementor-heading-title elementor-size-default\">Opportunit\u00e9s d'affaires pour Lester's Deli<br><\/h1>\t\t\t\t<\/div>\n\t\t\t\t<\/div>\n\t\t\t\t<div class=\"elementor-element elementor-element-85e1c58 elementor-widget elementor-widget-text-editor\" data-id=\"85e1c58\" data-element_type=\"widget\" data-e-type=\"widget\" data-widget_type=\"text-editor.default\">\n\t\t\t\t<div class=\"elementor-widget-container\">\n\t\t\t\t\t\t\t\t\t<p>Chez Lester's Deli, nous sommes toujours \u00e0 la recherche de partenaires dynamiques qui partagent notre passion pour la qualit\u00e9, la tradition et l'innovation.<\/p><p>Que vous soyez int\u00e9ress\u00e9 \u00e0 ouvrir votre propre franchise \u00e0 Montr\u00e9al ou \u00e0 collaborer \u00e0 une entreprise unique, nous aimerions avoir de vos nouvelles !<\/p>\t\t\t\t\t\t\t\t<\/div>\n\t\t\t\t<\/div>\n\t\t\t\t<\/div>\n\t\t<div class=\"elementor-element elementor-element-fbf6018 e-con-full e-flex e-con e-child\" data-id=\"fbf6018\" data-element_type=\"container\" data-e-type=\"container\">\n\t\t\t\t<div class=\"elementor-element elementor-element-78f4db1 elementor-widget elementor-widget-image\" data-id=\"78f4db1\" data-element_type=\"widget\" data-e-type=\"widget\" data-widget_type=\"image.default\">\n\t\t\t\t<div class=\"elementor-widget-container\">\n\t\t\t\t\t\t\t\t\t\t\t\t\t\t\t<img fetchpriority=\"high\" decoding=\"async\" width=\"800\" height=\"640\" src=\"https:\/\/i0.wp.com\/lestersdeli.com\/wp-content\/uploads\/2023\/10\/DSC02318.jpg?fit=800%2C640&amp;ssl=1\" class=\"attachment-large size-large wp-image-1460\" alt=\"\" srcset=\"https:\/\/i0.wp.com\/lestersdeli.com\/wp-content\/uploads\/2023\/10\/DSC02318.jpg?w=1200&amp;ssl=1 1200w, https:\/\/i0.wp.com\/lestersdeli.com\/wp-content\/uploads\/2023\/10\/DSC02318.jpg?resize=300%2C240&amp;ssl=1 300w, https:\/\/i0.wp.com\/lestersdeli.com\/wp-content\/uploads\/2023\/10\/DSC02318.jpg?resize=1024%2C819&amp;ssl=1 1024w, https:\/\/i0.wp.com\/lestersdeli.com\/wp-content\/uploads\/2023\/10\/DSC02318.jpg?resize=768%2C614&amp;ssl=1 768w\" sizes=\"(max-width: 800px) 100vw, 800px\">\t\t\t\t\t\t\t\t\t\t\t\t\t\t\t<\/div>\n\t\t\t\t<\/div>\n\t\t\t\t<\/div>\n\t\t\t\t\t<\/div>\n\t\t\t\t<\/div>\n\t\t<div class=\"elementor-element elementor-element-467d29a e-flex e-con-boxed e-con e-parent\" data-id=\"467d29a\" data-element_type=\"container\" data-e-type=\"container\">\n\t\t\t\t\t<div class=\"e-con-inner\">\n\t\t<div class=\"elementor-element elementor-element-0eb4239 e-con-full e-flex e-con e-child\" data-id=\"0eb4239\" data-element_type=\"container\" data-e-type=\"container\">\n\t\t\t\t<div class=\"elementor-element elementor-element-ee9ab5c elementor-hidden-mobile elementor-widget elementor-widget-image\" data-id=\"ee9ab5c\" data-element_type=\"widget\" data-e-type=\"widget\" data-widget_type=\"image.default\">\n\t\t\t\t<div class=\"elementor-widget-container\">\n\t\t\t\t\t\t\t\t\t\t\t\t\t\t\t<img decoding=\"async\" width=\"1200\" height=\"800\" src=\"https:\/\/i0.wp.com\/lestersdeli.com\/wp-content\/uploads\/2023\/10\/DSC02451.webp?fit=1200%2C800&amp;ssl=1\" class=\"attachment-full size-full wp-image-1464\" alt=\"\" srcset=\"https:\/\/i0.wp.com\/lestersdeli.com\/wp-content\/uploads\/2023\/10\/DSC02451.webp?w=1200&amp;ssl=1 1200w, https:\/\/i0.wp.com\/lestersdeli.com\/wp-content\/uploads\/2023\/10\/DSC02451.webp?resize=300%2C200&amp;ssl=1 300w, https:\/\/i0.wp.com\/lestersdeli.com\/wp-content\/uploads\/2023\/10\/DSC02451.webp?resize=1024%2C683&amp;ssl=1 1024w, https:\/\/i0.wp.com\/lestersdeli.com\/wp-content\/uploads\/2023\/10\/DSC02451.webp?resize=768%2C512&amp;ssl=1 768w\" sizes=\"(max-width: 800px) 100vw, 800px\">\t\t\t\t\t\t\t\t\t\t\t\t\t\t\t<\/div>\n\t\t\t\t<\/div>\n\t\t\t\t<\/div>\n\t\t<div class=\"elementor-element elementor-element-4189301 e-con-full e-flex e-con e-child\" data-id=\"4189301\" data-element_type=\"container\" data-e-type=\"container\">\n\t\t\t\t<div class=\"elementor-element elementor-element-feceb33 elementor-widget elementor-widget-heading\" data-id=\"feceb33\" data-element_type=\"widget\" data-e-type=\"widget\" data-widget_type=\"heading.default\">\n\t\t\t\t<div class=\"elementor-widget-container\">\n\t\t\t\t\t<h2 class=\"elementor-heading-title elementor-size-default\">Franchise Lester's Deli<\/h2>\t\t\t\t<\/div>\n\t\t\t\t<\/div>\n\t\t\t\t<div class=\"elementor-element elementor-element-dc92d1e elementor-widget elementor-widget-text-editor\" data-id=\"dc92d1e\" data-element_type=\"widget\" data-e-type=\"widget\" data-widget_type=\"text-editor.default\">\n\t\t\t\t<div class=\"elementor-widget-container\">\n\t\t\t\t\t\t\t\t\t<p>Avec une histoire riche et un mod\u00e8le d'affaires \u00e9prouv\u00e9, Lester's Deli est un choix de premier ordre pour les franchis\u00e9s. En vous joignant \u00e0 nous, vous b\u00e9n\u00e9ficierez d'une formation compl\u00e8te, d'un soutien marketing et d'une marque appr\u00e9ci\u00e9e dans tout le pays.<\/p>\t\t\t\t\t\t\t\t<\/div>\n\t\t\t\t<\/div>\n\t\t\t\t<div class=\"elementor-element elementor-element-a4f332e elementor-align-center elementor-mobile-align-center elementor-widget elementor-widget-button\" data-id=\"a4f332e\" data-element_type=\"widget\" data-e-type=\"widget\" data-widget_type=\"button.default\">\n\t\t\t\t<div class=\"elementor-widget-container\">\n\t\t\t\t\t\t\t\t\t<div class=\"elementor-button-wrapper\">\n\t\t\t\t\t<a class=\"elementor-button elementor-button-link elementor-size-sm\" href=\"\/fr\/franchise-opportunities\/\" target=\"_blank\">\n\t\t\t\t\t\t<span class=\"elementor-button-content-wrapper\">\n\t\t\t\t\t\t\t\t\t<span class=\"elementor-button-text\">En savoir plus<\/span>\n\t\t\t\t\t<\/span>\n\t\t\t\t\t<\/a>\n\t\t\t\t<\/div>\n\t\t\t\t\t\t\t\t<\/div>\n\t\t\t\t<\/div>\n\t\t\t\t<\/div>\n\t\t\t\t\t<\/div>\n\t\t\t\t<\/div>\n\t\t<div class=\"elementor-element elementor-element-4eebfa7 elementor-hidden-mobile e-flex e-con-boxed e-con e-parent\" data-id=\"4eebfa7\" data-element_type=\"container\" data-e-type=\"container\">\n\t\t\t\t\t<div class=\"e-con-inner\">\n\t\t<div class=\"elementor-element elementor-element-f24f90b e-con-full e-flex e-con e-child\" data-id=\"f24f90b\" data-element_type=\"container\" data-e-type=\"container\">\n\t\t\t\t<div class=\"elementor-element elementor-element-050d283 elementor-widget elementor-widget-heading\" data-id=\"050d283\" data-element_type=\"widget\" data-e-type=\"widget\" data-widget_type=\"heading.default\">\n\t\t\t\t<div class=\"elementor-widget-container\">\n\t\t\t\t\t<h2 class=\"elementor-heading-title elementor-size-default\">Collaborations et partenariats<\/h2>\t\t\t\t<\/div>\n\t\t\t\t<\/div>\n\t\t\t\t<div class=\"elementor-element elementor-element-8a0720f elementor-widget elementor-widget-text-editor\" data-id=\"8a0720f\" data-element_type=\"widget\" data-e-type=\"widget\" data-widget_type=\"text-editor.default\">\n\t\t\t\t<div class=\"elementor-widget-container\">\n\t\t\t\t\t\t\t\t\t<p>Vous souhaitez pr\u00e9senter nos produits dans votre \u00e9tablissement ? Ou peut-\u00eatre avez-vous une id\u00e9e d'entreprise unique qui se marierait parfaitement avec Lester's. Faisons de la magie culinaire ensemble !<\/p>\t\t\t\t\t\t\t\t<\/div>\n\t\t\t\t<\/div>\n\t\t\t\t<div class=\"elementor-element elementor-element-84c7901 elementor-align-center elementor-mobile-align-center elementor-widget elementor-widget-button\" data-id=\"84c7901\" data-element_type=\"widget\" data-e-type=\"widget\" data-widget_type=\"button.default\">\n\t\t\t\t<div class=\"elementor-widget-container\">\n\t\t\t\t\t\t\t\t\t<div class=\"elementor-button-wrapper\">\n\t\t\t\t\t<a class=\"elementor-button elementor-button-link elementor-size-sm\" href=\"\/fr\/collaborations-partnerships-form\/\" target=\"_blank\">\n\t\t\t\t\t\t<span class=\"elementor-button-content-wrapper\">\n\t\t\t\t\t\t\t\t\t<span class=\"elementor-button-text\">En savoir plus<\/span>\n\t\t\t\t\t<\/span>\n\t\t\t\t\t<\/a>\n\t\t\t\t<\/div>\n\t\t\t\t\t\t\t\t<\/div>\n\t\t\t\t<\/div>\n\t\t\t\t<\/div>\n\t\t<div class=\"elementor-element elementor-element-46babd4 e-con-full e-flex e-con e-child\" data-id=\"46babd4\" data-element_type=\"container\" data-e-type=\"container\">\n\t\t\t\t<div class=\"elementor-element elementor-element-0969288 elementor-widget elementor-widget-image\" data-id=\"0969288\" data-element_type=\"widget\" data-e-type=\"widget\" data-widget_type=\"image.default\">\n\t\t\t\t<div class=\"elementor-widget-container\">\n\t\t\t\t\t\t\t\t\t\t\t\t\t\t\t<img decoding=\"async\" width=\"1200\" height=\"800\" src=\"https:\/\/i0.wp.com\/lestersdeli.com\/wp-content\/uploads\/2023\/10\/DSC02099-Enhanced-NR.webp?fit=1200%2C800&amp;ssl=1\" class=\"attachment-full size-full wp-image-1443\" alt=\"\" srcset=\"https:\/\/i0.wp.com\/lestersdeli.com\/wp-content\/uploads\/2023\/10\/DSC02099-Enhanced-NR.webp?w=1200&amp;ssl=1 1200w, https:\/\/i0.wp.com\/lestersdeli.com\/wp-content\/uploads\/2023\/10\/DSC02099-Enhanced-NR.webp?resize=300%2C200&amp;ssl=1 300w, https:\/\/i0.wp.com\/lestersdeli.com\/wp-content\/uploads\/2023\/10\/DSC02099-Enhanced-NR.webp?resize=1024%2C683&amp;ssl=1 1024w, https:\/\/i0.wp.com\/lestersdeli.com\/wp-content\/uploads\/2023\/10\/DSC02099-Enhanced-NR.webp?resize=768%2C512&amp;ssl=1 768w\" sizes=\"(max-width: 800px) 100vw, 800px\">\t\t\t\t\t\t\t\t\t\t\t\t\t\t\t<\/div>\n\t\t\t\t<\/div>\n\t\t\t\t<\/div>\n\t\t\t\t\t<\/div>\n\t\t\t\t<\/div>\n\t\t<div class=\"elementor-element elementor-element-ef8ddac elementor-hidden-desktop elementor-hidden-tablet e-flex e-con-boxed e-con e-parent\" data-id=\"ef8ddac\" data-element_type=\"container\" data-e-type=\"container\" data-settings=\"{&quot;background_background&quot;:&quot;classic&quot;}\">\n\t\t\t\t\t<div class=\"e-con-inner\">\n\t\t<div class=\"elementor-element elementor-element-48cb208 e-con-full e-flex e-con e-child\" data-id=\"48cb208\" data-element_type=\"container\" data-e-type=\"container\">\n\t\t\t\t<div class=\"elementor-element elementor-element-cfc3c7d elementor-widget elementor-widget-image\" data-id=\"cfc3c7d\" data-element_type=\"widget\" data-e-type=\"widget\" data-widget_type=\"image.default\">\n\t\t\t\t<div class=\"elementor-widget-container\">\n\t\t\t\t\t\t\t\t\t\t\t\t\t\t\t<img decoding=\"async\" width=\"1200\" height=\"800\" src=\"https:\/\/i0.wp.com\/lestersdeli.com\/wp-content\/uploads\/2023\/10\/DSC02451.webp?fit=1200%2C800&amp;ssl=1\" class=\"attachment-full size-full wp-image-1464\" alt=\"\" srcset=\"https:\/\/i0.wp.com\/lestersdeli.com\/wp-content\/uploads\/2023\/10\/DSC02451.webp?w=1200&amp;ssl=1 1200w, https:\/\/i0.wp.com\/lestersdeli.com\/wp-content\/uploads\/2023\/10\/DSC02451.webp?resize=300%2C200&amp;ssl=1 300w, https:\/\/i0.wp.com\/lestersdeli.com\/wp-content\/uploads\/2023\/10\/DSC02451.webp?resize=1024%2C683&amp;ssl=1 1024w, https:\/\/i0.wp.com\/lestersdeli.com\/wp-content\/uploads\/2023\/10\/DSC02451.webp?resize=768%2C512&amp;ssl=1 768w\" sizes=\"(max-width: 800px) 100vw, 800px\">\t\t\t\t\t\t\t\t\t\t\t\t\t\t\t<\/div>\n\t\t\t\t<\/div>\n\t\t\t\t<\/div>\n\t\t<div class=\"elementor-element elementor-element-167849f e-con-full e-flex e-con e-child\" data-id=\"167849f\" data-element_type=\"container\" data-e-type=\"container\">\n\t\t\t\t<div class=\"elementor-element elementor-element-4f209d6 elementor-widget elementor-widget-heading\" data-id=\"4f209d6\" data-element_type=\"widget\" data-e-type=\"widget\" data-widget_type=\"heading.default\">\n\t\t\t\t<div class=\"elementor-widget-container\">\n\t\t\t\t\t<h2 class=\"elementor-heading-title elementor-size-default\">Collaborations et partenariats<\/h2>\t\t\t\t<\/div>\n\t\t\t\t<\/div>\n\t\t\t\t<div class=\"elementor-element elementor-element-0447dcb elementor-widget elementor-widget-text-editor\" data-id=\"0447dcb\" data-element_type=\"widget\" data-e-type=\"widget\" data-widget_type=\"text-editor.default\">\n\t\t\t\t<div class=\"elementor-widget-container\">\n\t\t\t\t\t\t\t\t\t<p>Vous souhaitez pr\u00e9senter nos produits dans votre \u00e9tablissement ? Ou peut-\u00eatre avez-vous une id\u00e9e d'entreprise unique qui se marierait parfaitement avec Lester's. Faisons de la magie culinaire ensemble !<\/p>\t\t\t\t\t\t\t\t<\/div>\n\t\t\t\t<\/div>\n\t\t\t\t<div class=\"elementor-element elementor-element-087d908 elementor-align-center elementor-mobile-align-center elementor-widget elementor-widget-button\" data-id=\"087d908\" data-element_type=\"widget\" data-e-type=\"widget\" data-widget_type=\"button.default\">\n\t\t\t\t<div class=\"elementor-widget-container\">\n\t\t\t\t\t\t\t\t\t<div class=\"elementor-button-wrapper\">\n\t\t\t\t\t<a class=\"elementor-button elementor-button-link elementor-size-sm\" href=\"\/fr\/collaborations-partnerships-form\/\" target=\"_blank\">\n\t\t\t\t\t\t<span class=\"elementor-button-content-wrapper\">\n\t\t\t\t\t\t\t\t\t<span class=\"elementor-button-text\">En savoir plus<\/span>\n\t\t\t\t\t<\/span>\n\t\t\t\t\t<\/a>\n\t\t\t\t<\/div>\n\t\t\t\t\t\t\t\t<\/div>\n\t\t\t\t<\/div>\n\t\t\t\t<\/div>\n\t\t\t\t\t<\/div>\n\t\t\t\t<\/div>\n\t\t\t\t<\/div>","protected":false},"excerpt":{"rendered":"<p>Possibilit\u00e9s d'affaires chez Lester's Deli Chez Lester's Deli, nous sommes toujours \u00e0 la recherche de partenaires dynamiques qui partagent notre passion pour la qualit\u00e9, la tradition et l'innovation. Que vous souhaitiez ouvrir votre propre franchise ou collaborer \u00e0 une entreprise unique, nous serions ravis d'avoir de vos nouvelles ! Opportunit\u00e9s de franchise Avec une histoire riche et un mod\u00e8le d'affaires \u00e9prouv\u00e9, Lester's Deli [...]<\/p>","protected":false},"author":1,"featured_media":0,"parent":0,"menu_order":0,"comment_status":"closed","ping_status":"closed","template":"","meta":{"footnotes":""},"class_list":["post-1931","page","type-page","status-publish","hentry"],"jetpack_sharing_enabled":true,"_links":{"self":[{"href":"https:\/\/lestersdeli.com\/fr\/wp-json\/wp\/v2\/pages\/1931","targetHints":{"allow":["GET"]}}],"collection":[{"href":"https:\/\/lestersdeli.com\/fr\/wp-json\/wp\/v2\/pages"}],"about":[{"href":"https:\/\/lestersdeli.com\/fr\/wp-json\/wp\/v2\/types\/page"}],"author":[{"embeddable":true,"href":"https:\/\/lestersdeli.com\/fr\/wp-json\/wp\/v2\/users\/1"}],"replies":[{"embeddable":true,"href":"https:\/\/lestersdeli.com\/fr\/wp-json\/wp\/v2\/comments?post=1931"}],"version-history":[{"count":0,"href":"https:\/\/lestersdeli.com\/fr\/wp-json\/wp\/v2\/pages\/1931\/revisions"}],"wp:attachment":[{"href":"https:\/\/lestersdeli.com\/fr\/wp-json\/wp\/v2\/media?parent=1931"}],"curies":[{"name":"wp","href":"https:\/\/api.w.org\/{rel}","templated":true}]}}