{"id":23,"date":"2023-08-05T18:08:20","date_gmt":"2023-08-05T18:08:20","guid":{"rendered":"http:\/\/lestersdeli.com\/?page_id=23"},"modified":"2023-09-08T23:29:12","modified_gmt":"2023-09-08T23:29:12","slug":"terms-conditions","status":"publish","type":"page","link":"https:\/\/lestersdeli.com\/fr\/terms-conditions\/","title":{"rendered":"Conditions g\u00e9n\u00e9rales d'utilisation"},"content":{"rendered":"<div data-elementor-type=\"wp-page\" data-elementor-id=\"23\" class=\"elementor elementor-23\" data-elementor-post-type=\"page\">\n\t\t\t\t<div class=\"elementor-element elementor-element-2a716a7 e-flex e-con-boxed e-con e-parent\" data-id=\"2a716a7\" data-element_type=\"container\" data-e-type=\"container\">\n\t\t\t\t\t<div class=\"e-con-inner\">\n\t\t\t\t<div class=\"elementor-element elementor-element-56b4b48 elementor-widget elementor-widget-html\" data-id=\"56b4b48\" data-element_type=\"widget\" data-e-type=\"widget\" data-widget_type=\"html.default\">\n\t\t\t\t<div class=\"elementor-widget-container\">\n\t\t\t\t\t<!DOCTYPE html>\n<html>\n\n<head>\n    <title>Lester's Deli Terms and Conditions<\/title>\n<\/head>\n\n<body>\n\n    <h1>Conditions g\u00e9n\u00e9rales d'utilisation<\/h1>\n\n    <h2>Introduction et acceptation<\/h2>\n    <p>Bienvenue chez Lester's Deli ! En utilisant nos services, vous acceptez ces conditions. Veuillez les lire attentivement.<\/p>\n\n    <h2>D\u00e9finitions<\/h2>\n    <ul>\n        <li>Les termes \" nous \", \" notre \" et \" nos \" d\u00e9signent Lester's Deli.<\/li>\n        <li>Les termes \"vous\", \"utilisateur\" d\u00e9signent les clients ou toute personne utilisant nos services.<\/li>\n    <\/ul>\n\n    <h2>Description des services<\/h2>\n    <p>Nous proposons des services de restauration, d'enl\u00e8vement, de livraison et de traiteur, ainsi que des services par l'interm\u00e9diaire d'Uber Eats.<\/p>\n\n    <h2>Conditions de paiement<\/h2>\n    <ul>\n        <li>Les modes de paiement accept\u00e9s sont les cartes de cr\u00e9dit.<\/li>\n        <li>Tous les prix sont soumis aux taxes et redevances locales.<\/li>\n        <li>Les remboursements et les annulations sont soumis \u00e0 notre politique de retour d\u00e9crite ci-dessous.<\/li>\n    <\/ul>\n\n  <h2>Politique de retour<\/h2>\n<p>Chez Lester's Deli, nous nous effor\u00e7ons de faire en sorte que nos clients soient satisfaits de leurs achats. Veuillez consulter nos directives de retour ci-dessous :<\/p>\n<ul>\n    <li><strong>Articles \u00e9ligibles au retour :<\/strong> Seuls les produits non ouverts et emball\u00e9s peuvent \u00eatre retourn\u00e9s.<\/li>\n    <li><strong>P\u00e9riode de temps :<\/strong> Les articles peuvent \u00eatre retourn\u00e9s dans les 7 jours suivant l'achat.<\/li>\n    <li><strong>Conditions de retour :<\/strong> Les articles doivent \u00eatre exp\u00e9di\u00e9s dans leur emballage d'origine. Ils peuvent \u00eatre ouverts mais ne doivent pas \u00eatre utilis\u00e9s.<\/li>\n    <li><strong>Preuve d'achat :<\/strong> Un re\u00e7u ou une preuve d'achat est n\u00e9cessaire pour tous les retours.<\/li>\n    <li><strong>Proc\u00e9dure de remboursement :<\/strong> Les remboursements seront effectu\u00e9s selon le mode de paiement original ou sous forme de cr\u00e9dit en magasin, selon la pr\u00e9f\u00e9rence du client.<\/li>\n    <li><strong>Exclusions :<\/strong> Nous nous r\u00e9servons le droit de refuser le retour de certains articles, en particulier les produits alimentaires entam\u00e9s ou les articles sold\u00e9s.<\/li>\n    <li><strong>Frais de retour :<\/strong> Les frais de retour peuvent \u00eatre couverts par le client. Dans certains cas, \u00e0 notre discr\u00e9tion, nous pouvons prendre en charge les frais de retour.<\/li>\n    <li><strong>Articles endommag\u00e9s ou incorrects :<\/strong> Si vous recevez un article endommag\u00e9 ou un article que vous n'avez pas command\u00e9, nous vous enverrons un nouvel article.<\/li>\n    <li><strong>Initier un retour :<\/strong> Pour effectuer un retour, veuillez nous appeler au num\u00e9ro de contact indiqu\u00e9.<\/li>\n<\/ul>\n\n\n    <h2>Responsabilit\u00e9s de l'utilisateur<\/h2>\n    <ul>\n        <li>Pour les r\u00e9servations, veuillez nous appeler.<\/li>\n        <li>Les utilisateurs sont tenus d'adopter un comportement respectueux lorsqu'ils se trouvent dans le restaurant.<\/li>\n        <li>Les utilisateurs sont responsables de l'exactitude de leurs commandes.<\/li>\n    <\/ul>\n\n    <h2>Propri\u00e9t\u00e9 intellectuelle<\/h2>\n    <p>Tous les logos, recettes et techniques appartiennent \u00e0 Lester's Deli et ne peuvent \u00eatre reproduits sans autorisation.<\/p>\n\n    <h2>Responsabilit\u00e9s et garanties<\/h2>\n    <p>Nous ne sommes pas responsables des \u00e9v\u00e9nements impr\u00e9vus, y compris des allergies alimentaires. Les utilisateurs consomment \u00e0 leurs propres risques.<\/p>\n\n    <h2>Cessation d'activit\u00e9<\/h2>\n    <p>Nous nous r\u00e9servons le droit de refuser un service \u00e0 quiconque pour quelque raison que ce soit, \u00e0 notre discr\u00e9tion.<\/p>\n\n    <h2>Liens ou services de tiers<\/h2>\n    <p>Notre collaboration avec des services de livraison tiers inclut Uber Eats. Nous ne sommes pas responsables des divergences ou des probl\u00e8mes d\u00e9coulant des services tiers.<\/p>\n\n    <h2>Droit applicable<\/h2>\n    <p>Les pr\u00e9sentes conditions sont r\u00e9gies par les lois du Qu\u00e9bec. Notre adresse professionnelle est 1057 Bernard Ave, Outremont, Qu\u00e9bec H2V 1V1.<\/p>\n\n    <h2>Modifications des conditions g\u00e9n\u00e9rales<\/h2>\n    <p>Pour les mises \u00e0 jour de nos conditions g\u00e9n\u00e9rales, veuillez vous r\u00e9f\u00e9rer \u00e0 ce site.<\/p>\n\n    <h2>Politique de confidentialit\u00e9<\/h2>\n    <p>Pour plus d'informations sur la collecte des donn\u00e9es et la protection de la vie priv\u00e9e, veuillez vous r\u00e9f\u00e9rer \u00e0 notre site web. <a href=\"http:\/\/lestersdeli.com\/fr\/privacy\/\">Politique de confidentialit\u00e9<\/a>.<\/p>\n\n    <h2>R\u00e9solution des litiges<\/h2>\n    <p>En cas de litige, les utilisateurs sont encourag\u00e9s \u00e0 nous contacter directement pour r\u00e9soudre le probl\u00e8me \u00e0 l'amiable.<\/p>\n\n    <h2>Informations sur le contact<\/h2>\n    <address>\n        LESTER'S DELI OUTREMONT<br>\n        1057, avenue Bernard, Outremont (Qu\u00e9bec) H2V 1V1<br>\n        <a href=\"tel:+15142131313\">TEL : (514) 213-1313<\/a><br>\n    <\/address>\n\n<\/body>\n\n<\/html>\n\t\t\t\t<\/div>\n\t\t\t\t<\/div>\n\t\t\t\t\t<\/div>\n\t\t\t\t<\/div>\n\t\t\t\t<\/div>","protected":false},"excerpt":{"rendered":"<p>Lester's Deli Conditions g\u00e9n\u00e9rales Conditions g\u00e9n\u00e9rales Introduction et acceptation Bienvenue chez Lester's Deli ! En utilisant nos services, vous acceptez les pr\u00e9sentes conditions. Veuillez les lire attentivement. D\u00e9finitions \"Nous\", \"Notre\", \"Nos\" fait r\u00e9f\u00e9rence \u00e0 Lester's Deli. \"Vous \", \" Utilisateur \" d\u00e9signe les clients ou toute personne qui utilise nos services. Description des services Nous offrons des services de restauration, de cueillette, de livraison, [...]<\/p>","protected":false},"author":1,"featured_media":0,"parent":0,"menu_order":0,"comment_status":"closed","ping_status":"closed","template":"","meta":{"footnotes":""},"class_list":["post-23","page","type-page","status-publish","hentry"],"jetpack_sharing_enabled":true,"_links":{"self":[{"href":"https:\/\/lestersdeli.com\/fr\/wp-json\/wp\/v2\/pages\/23","targetHints":{"allow":["GET"]}}],"collection":[{"href":"https:\/\/lestersdeli.com\/fr\/wp-json\/wp\/v2\/pages"}],"about":[{"href":"https:\/\/lestersdeli.com\/fr\/wp-json\/wp\/v2\/types\/page"}],"author":[{"embeddable":true,"href":"https:\/\/lestersdeli.com\/fr\/wp-json\/wp\/v2\/users\/1"}],"replies":[{"embeddable":true,"href":"https:\/\/lestersdeli.com\/fr\/wp-json\/wp\/v2\/comments?post=23"}],"version-history":[{"count":0,"href":"https:\/\/lestersdeli.com\/fr\/wp-json\/wp\/v2\/pages\/23\/revisions"}],"wp:attachment":[{"href":"https:\/\/lestersdeli.com\/fr\/wp-json\/wp\/v2\/media?parent=23"}],"curies":[{"name":"wp","href":"https:\/\/api.w.org\/{rel}","templated":true}]}}