{"id":25,"date":"2023-08-05T18:08:38","date_gmt":"2023-08-05T18:08:38","guid":{"rendered":"http:\/\/lestersdeli.com\/?page_id=25"},"modified":"2023-09-08T23:08:35","modified_gmt":"2023-09-08T23:08:35","slug":"privacy","status":"publish","type":"page","link":"https:\/\/lestersdeli.com\/fr\/privacy\/","title":{"rendered":"Vie priv\u00e9e"},"content":{"rendered":"<div data-elementor-type=\"wp-page\" data-elementor-id=\"25\" class=\"elementor elementor-25\" data-elementor-post-type=\"page\">\n\t\t\t\t<div class=\"elementor-element elementor-element-3b69427 e-flex e-con-boxed e-con e-parent\" data-id=\"3b69427\" data-element_type=\"container\" data-e-type=\"container\">\n\t\t\t\t\t<div class=\"e-con-inner\">\n\t\t\t\t<div class=\"elementor-element elementor-element-40dc5da elementor-widget elementor-widget-html\" data-id=\"40dc5da\" data-element_type=\"widget\" data-e-type=\"widget\" data-widget_type=\"html.default\">\n\t\t\t\t<div class=\"elementor-widget-container\">\n\t\t\t\t\t<!DOCTYPE html>\n<html lang=\"en\">\n<head>\n    <meta charset=\"UTF-8\">\n    <meta name=\"viewport\" content=\"width=device-width, initial-scale=1.0\">\n    <title>Lester's Deli Privacy Policy<\/title>\n    <style>\n        body {\n            font-family: Arial, sans-serif;\n            margin: 20px;\n        }\n\n        h1 {\n            color: #d32f2f;\n            text-align: center;\n        }\n\n        h2 {\n            color: #d32f2f;\n            border-bottom: 1px solid #ddd;\n            padding-bottom: 10px;\n        }\n    <\/style>\n<\/head>\n<body>\n\n<h1>Politique de confidentialit\u00e9 de Lester's Deli<\/h1>\n\n<h2>1. Collecte de donn\u00e9es personnelles<\/h2>\n<p>Chez Lester's Deli, nous accordons une grande importance \u00e0 la protection de votre vie priv\u00e9e. Lorsque vous interagissez avec nous, nous pouvons recueillir les donn\u00e9es personnelles suivantes :<\/p>\n<ul>\n    <li>Noms<\/li>\n    <li>Adresses (\u00e0 des fins de livraison ou de facturation)<\/li>\n    <li>Num\u00e9ros de t\u00e9l\u00e9phone<\/li>\n    <li>Adresses \u00e9lectroniques<\/li>\n    <li>Informations sur le paiement<\/li>\n    <li>d'autres informations personnellement identifiables que vous pourriez nous fournir.<\/li>\n<\/ul>\n\n<h2>2. Utilisation des donn\u00e9es<\/h2>\n<p>Nous utilisons les donn\u00e9es que nous collectons \u00e0 plusieurs fins essentielles :<\/p>\n<ul>\n    <li>Le traitement et l'ex\u00e9cution de vos commandes.<\/li>\n    <li>Participer \u00e0 des campagnes de marketing pour vous tenir au courant de l'actualit\u00e9.<\/li>\n    <li>G\u00e9rer nos programmes de fid\u00e9lisation pour r\u00e9compenser nos clients r\u00e9guliers.<\/li>\n    <li>recueillir les commentaires et les avis des clients afin d'am\u00e9liorer nos services.<\/li>\n    <li>d'autres objectifs connexes visant \u00e0 am\u00e9liorer notre relation avec vous.<\/li>\n<\/ul>\n\n<h2>3. Partage des donn\u00e9es<\/h2>\n<p>Pour mieux vous servir, nous pouvons partager vos donn\u00e9es avec des tiers sp\u00e9cifiques :<\/p>\n<ul>\n    <li><strong>Services de livraison par des tiers<\/strong> pour apporter vos repas pr\u00e9f\u00e9r\u00e9s directement \u00e0 votre porte.<\/li>\n    <li>Les agences de marketing pour adapter nos promotions et nos offres \u00e0 vos pr\u00e9f\u00e9rences.<\/li>\n    <li>Les processeurs de paiement pour faciliter les transactions en toute s\u00e9curit\u00e9.<\/li>\n<\/ul>\n\n<h2>4. Mesures de protection des donn\u00e9es<\/h2>\n<p>La s\u00e9curit\u00e9 de vos donn\u00e9es est primordiale pour nous. Nous avons adopt\u00e9 les mesures suivantes :<\/p>\n<ul>\n    <li>M\u00e9thodes de cryptage avanc\u00e9es pour s\u00e9curiser vos donn\u00e9es.<\/li>\n    <li>Des bases de donn\u00e9es s\u00e9curis\u00e9es qui prot\u00e8gent vos informations.<\/li>\n    <li>Des sessions r\u00e9guli\u00e8res de formation du personnel sur la confidentialit\u00e9 des donn\u00e9es pour s'assurer que tout le monde traite vos donn\u00e9es avec le plus grand soin.<\/li>\n<\/ul>\n\n<h2>5. Droits de l'utilisateur<\/h2>\n<p>Vous disposez des droits suivants concernant vos donn\u00e9es :<\/p>\n<ul>\n    <li>Droit de consulter les donn\u00e9es que nous d\u00e9tenons sur vous.<\/li>\n    <li>Droit de modifier ou de corriger toute inexactitude.<\/li>\n    <li>Droit de demander la suppression de vos donn\u00e9es.<\/li>\n    <li>Droit de refuser nos campagnes de marketing et nos lettres d'information.<\/li>\n<\/ul>\n\n<h2>6. Cookies et tra\u00e7age<\/h2>\n<p>Notre site web utilise des cookies et d'autres m\u00e9canismes de suivi afin de fournir une exp\u00e9rience utilisateur transparente et de mieux comprendre les pr\u00e9f\u00e9rences de nos utilisateurs.<\/p>\n\n<h2>7. Conservation des donn\u00e9es<\/h2>\n<p>Vos donn\u00e9es restent chez nous tant que notre site est actif. Toutefois, vous pouvez toujours exercer vos droits, comme indiqu\u00e9 ci-dessus.<\/p>\n\n<h2>8. Politique \u00e0 l'\u00e9gard des mineurs<\/h2>\n<p>Nous accordons la priorit\u00e9 \u00e0 la s\u00e9curit\u00e9, en particulier pour notre jeune public. Lester's Deli ne servira pas d'articles aux mineurs.<\/p>\n\n<h2>9. Informations sur les contacts<\/h2>\n<p>Si vous avez des inqui\u00e9tudes ou des questions concernant nos pratiques en mati\u00e8re de protection de la vie priv\u00e9e, n'h\u00e9sitez pas \u00e0 nous contacter \u00e0 l'adresse suivante <strong>514-213-1313<\/strong>.<\/p>\n\n<h2>10. Modifications de la politique<\/h2>\n<p>Dans le cadre de l'am\u00e9lioration continue de nos services, il se peut que nous mettions \u00e0 jour cette politique. Nous vous invitons \u00e0 consulter r\u00e9guli\u00e8rement notre site pour vous tenir inform\u00e9 des changements \u00e9ventuels.<\/p>\n\n<p style=\"text-align:center;\">Votre confiance est essentielle pour nous. Merci d'avoir choisi Lester's Deli !<\/p>\n\n<\/body>\n<\/html>\n\t\t\t\t<\/div>\n\t\t\t\t<\/div>\n\t\t\t\t\t<\/div>\n\t\t\t\t<\/div>\n\t\t\t\t<\/div>","protected":false},"excerpt":{"rendered":"<p>Politique de confidentialit\u00e9 de Lester's Deli Politique de confidentialit\u00e9 de Lester's Deli 1. Collecte de donn\u00e9es personnelles Chez Lester's Deli, nous accordons une grande importance \u00e0 la protection de votre vie priv\u00e9e. Lorsque vous interagissez avec nous, nous pouvons recueillir les donn\u00e9es personnelles suivantes : Noms Adresses (\u00e0 des fins de livraison ou de facturation) Num\u00e9ros de t\u00e9l\u00e9phone Adresses de courriel Renseignements sur les paiements Autres renseignements personnels identifiables que vous pourriez nous fournir. 2. [...]<\/p>","protected":false},"author":1,"featured_media":0,"parent":0,"menu_order":0,"comment_status":"closed","ping_status":"closed","template":"","meta":{"footnotes":""},"class_list":["post-25","page","type-page","status-publish","hentry"],"jetpack_sharing_enabled":true,"_links":{"self":[{"href":"https:\/\/lestersdeli.com\/fr\/wp-json\/wp\/v2\/pages\/25","targetHints":{"allow":["GET"]}}],"collection":[{"href":"https:\/\/lestersdeli.com\/fr\/wp-json\/wp\/v2\/pages"}],"about":[{"href":"https:\/\/lestersdeli.com\/fr\/wp-json\/wp\/v2\/types\/page"}],"author":[{"embeddable":true,"href":"https:\/\/lestersdeli.com\/fr\/wp-json\/wp\/v2\/users\/1"}],"replies":[{"embeddable":true,"href":"https:\/\/lestersdeli.com\/fr\/wp-json\/wp\/v2\/comments?post=25"}],"version-history":[{"count":0,"href":"https:\/\/lestersdeli.com\/fr\/wp-json\/wp\/v2\/pages\/25\/revisions"}],"wp:attachment":[{"href":"https:\/\/lestersdeli.com\/fr\/wp-json\/wp\/v2\/media?parent=25"}],"curies":[{"name":"wp","href":"https:\/\/api.w.org\/{rel}","templated":true}]}}