{"id":3131,"date":"2025-04-26T15:48:08","date_gmt":"2025-04-26T19:48:08","guid":{"rendered":"https:\/\/lestersdeli.com\/?page_id=3131"},"modified":"2025-04-26T16:55:35","modified_gmt":"2025-04-26T20:55:35","slug":"wholesale-login","status":"publish","type":"page","link":"https:\/\/lestersdeli.com\/fr\/wholesale-login\/","title":{"rendered":"Connexion au commerce de gros"},"content":{"rendered":"<div data-elementor-type=\"wp-page\" data-elementor-id=\"3131\" class=\"elementor elementor-3131\" data-elementor-post-type=\"page\">\n\t\t\t\t<div class=\"elementor-element elementor-element-undefined-9f539e1 e-flex e-con-boxed e-con e-parent\" data-id=\"undefined-9f539e1\" data-element_type=\"container\" data-e-type=\"container\" data-settings=\"{&quot;background_background&quot;:&quot;classic&quot;}\">\n\t\t\t\t\t<div class=\"e-con-inner\">\n\t\t<div class=\"elementor-element elementor-element-undefined-13325f2 e-con-full e-flex e-con e-child\" data-id=\"undefined-13325f2\" data-element_type=\"container\" data-e-type=\"container\" data-settings=\"{&quot;background_background&quot;:&quot;classic&quot;}\">\n\t\t<div class=\"elementor-element elementor-element-undefined-34a7c37 e-flex e-con-boxed e-con e-child\" data-id=\"undefined-34a7c37\" data-element_type=\"container\" data-e-type=\"container\">\n\t\t\t\t\t<div class=\"e-con-inner\">\n\t\t\t\t<div class=\"elementor-element elementor-element-undefined-93e8d40 elementor-widget elementor-widget-heading\" data-id=\"undefined-93e8d40\" data-element_type=\"widget\" data-e-type=\"widget\" data-widget_type=\"heading.default\">\n\t\t\t\t<div class=\"elementor-widget-container\">\n\t\t\t\t\t<h2 class=\"elementor-heading-title elementor-size-default\">Bienvenue !<\/h2>\t\t\t\t<\/div>\n\t\t\t\t<\/div>\n\t\t\t\t<div class=\"elementor-element elementor-element-e3a2b3e elementor-widget elementor-widget-heading\" data-id=\"e3a2b3e\" data-element_type=\"widget\" data-e-type=\"widget\" data-widget_type=\"heading.default\">\n\t\t\t\t<div class=\"elementor-widget-container\">\n\t\t\t\t\t<h5 class=\"elementor-heading-title elementor-size-default\">Connectez-vous ci-dessous pour d\u00e9couvrir des produits et des prix de gros exclusifs.<\/h5>\t\t\t\t<\/div>\n\t\t\t\t<\/div>\n\t\t\t\t\t<\/div>\n\t\t\t\t<\/div>\n\t\t\t\t<div class=\"elementor-element elementor-element-undefined-8599cd6 elementor-mobile-button-align-stretch elementor-tablet-button-align-stretch elementor-widget elementor-widget-login\" data-id=\"undefined-8599cd6\" data-element_type=\"widget\" data-e-type=\"widget\" data-widget_type=\"login.default\">\n\t\t\t\t<div class=\"elementor-widget-container\">\n\t\t\t\t\t\t\t<form class=\"elementor-login elementor-form\" method=\"post\" action=\"https:\/\/lestersdeli.com\/fr\/lesters-login\/\" aria-label=\"Login form\">\n\t\t\t<input type=\"hidden\" name=\"redirect_to\" value=\"\/fr\/wp-json\/wp\/v2\/pages\/3131\">\n\t\t\t<div class=\"elementor-form-fields-wrapper\">\n\t\t\t\t<div class=\"elementor-field-type-text elementor-field-group elementor-column elementor-col-100 elementor-field-required\">\n\t\t\t\t\t<label for=\"user-undefined-8599cd6\" class=\"elementor-field-label\">Votre courriel<\/label>\n\t\t\t\t\t<input size=\"1\" type=\"text\" name=\"log\" id=\"user-undefined-8599cd6\" placeholder=\"Saisir l&#039;adresse \u00e9lectronique ou le nom d&#039;utilisateur\" class=\"elementor-field elementor-field-textual elementor-size-sm\">\n\t\t\t\t<\/div>\n\t\t\t\t<div class=\"elementor-field-type-text elementor-field-group elementor-column elementor-col-100 elementor-field-required\">\n\t\t\t\t\t<label for=\"password-undefined-8599cd6\" class=\"elementor-field-label\">Votre mot de passe<\/label>\n\t\t\t\t\t<input size=\"1\" type=\"password\" name=\"pwd\" id=\"password-undefined-8599cd6\" placeholder=\"Saisir le mot de passe\" class=\"elementor-field elementor-field-textual elementor-size-sm\">\n\t\t\t\t<\/div>\n\n\t\t\t\t\t\t\t\t\t<div class=\"elementor-field-type-checkbox elementor-field-group elementor-column elementor-col-100 elementor-remember-me\">\n\t\t\t\t\t\t<label for=\"elementor-login-remember-me\">\n\t\t\t\t\t\t\t<input type=\"checkbox\" id=\"elementor-login-remember-me\" name=\"rememberme\" value=\"forever\">\n\t\t\t\t\t\t\tSe souvenir de moi\t\t\t\t\t\t<\/label>\n\t\t\t\t\t<\/div>\n\t\t\t\t\n\t\t\t\t<div class=\"elementor-field-group elementor-column elementor-field-type-submit elementor-col-100\">\n\t\t\t\t\t<button type=\"submit\" class=\"elementor-size-sm elementor-button\" name=\"wp-submit\">\n\t\t\t\t\t\t\t\t\t\t\t\t\t\t\t<span class=\"elementor-button-text\">Se connecter maintenant<\/span>\n\t\t\t\t\t\t\t\t\t\t\t\t<\/button>\n\t\t\t\t<\/div>\n\n\t\t\t\t\t\t\t\t\t<div class=\"elementor-field-group elementor-column elementor-col-100\">\n\t\t\t\t\t\t\t\t\t\t\t\t\t\t\t\t\t\t\t\t<a class=\"elementor-lost-password\" href=\"https:\/\/lestersdeli.com\/fr\/my-account\/lost-password\/\">\n\t\t\t\t\t\t\t\tMot de passe perdu\u00a0?\t\t\t\t\t\t\t<\/a>\n\t\t\t\t\t\t\n\t\t\t\t\t\t\t\t\t\t\t<\/div>\n\t\t\t\t\t\t\t<\/div>\n\t\t<\/form>\n\t\t\t\t\t\t<\/div>\n\t\t\t\t<\/div>\n\t\t\t\t<\/div>\n\t\t<div class=\"elementor-element elementor-element-e7c0d0c e-con-full e-flex e-con e-child\" data-id=\"e7c0d0c\" data-element_type=\"container\" data-e-type=\"container\" data-settings=\"{&quot;background_background&quot;:&quot;classic&quot;}\">\n\t\t<div class=\"elementor-element elementor-element-22e00c1 e-flex e-con-boxed e-con e-child\" data-id=\"22e00c1\" data-element_type=\"container\" data-e-type=\"container\">\n\t\t\t\t\t<div class=\"e-con-inner\">\n\t\t<div class=\"elementor-element elementor-element-20bbf2c e-con-full e-flex e-con e-child\" data-id=\"20bbf2c\" data-element_type=\"container\" data-e-type=\"container\">\n\t\t\t\t<div class=\"elementor-element elementor-element-c834e24 elementor-widget elementor-widget-heading\" data-id=\"c834e24\" data-element_type=\"widget\" data-e-type=\"widget\" data-widget_type=\"heading.default\">\n\t\t\t\t<div class=\"elementor-widget-container\">\n\t\t\t\t\t<h2 class=\"elementor-heading-title elementor-size-default\">Nouveau chez Lester's Wholesale ?<\/h2>\t\t\t\t<\/div>\n\t\t\t\t<\/div>\n\t\t\t\t<div class=\"elementor-element elementor-element-5086857 elementor-widget elementor-widget-heading\" data-id=\"5086857\" data-element_type=\"widget\" data-e-type=\"widget\" data-widget_type=\"heading.default\">\n\t\t\t\t<div class=\"elementor-widget-container\">\n\t\t\t\t\t<h5 class=\"elementor-heading-title elementor-size-default\">Vous devez cr\u00e9er un compte pour acc\u00e9der \u00e0 notre catalogue de vente en gros.<\/h5>\t\t\t\t<\/div>\n\t\t\t\t<\/div>\n\t\t\t\t<\/div>\n\t\t\t\t<div class=\"elementor-element elementor-element-57f57e9 elementor-align-left elementor-mobile-align-center elementor-widget elementor-widget-button\" data-id=\"57f57e9\" data-element_type=\"widget\" data-e-type=\"widget\" data-widget_type=\"button.default\">\n\t\t\t\t<div class=\"elementor-widget-container\">\n\t\t\t\t\t\t\t\t\t<div class=\"elementor-button-wrapper\">\n\t\t\t\t\t<a class=\"elementor-button elementor-size-sm\" role=\"button\">\n\t\t\t\t\t\t<span class=\"elementor-button-content-wrapper\">\n\t\t\t\t\t\t\t\t\t<span class=\"elementor-button-text\">Postuler<\/span>\n\t\t\t\t\t<\/span>\n\t\t\t\t\t<\/a>\n\t\t\t\t<\/div>\n\t\t\t\t\t\t\t\t<\/div>\n\t\t\t\t<\/div>\n\t\t\t\t\t<\/div>\n\t\t\t\t<\/div>\n\t\t\t\t<div class=\"elementor-element elementor-element-d17c7ce elementor-widget elementor-widget-text-editor\" data-id=\"d17c7ce\" data-element_type=\"widget\" data-e-type=\"widget\" data-widget_type=\"text-editor.default\">\n\t\t\t\t<div class=\"elementor-widget-container\">\n\t\t\t\t\t\t\t\t\t<ul data-start=\"767\" data-end=\"936\"><li class=\"\" data-start=\"767\" data-end=\"818\"><p class=\"\" data-start=\"769\" data-end=\"818\"><strong data-start=\"769\" data-end=\"790\">Options d'emballage en vrac<\/strong> disponible pour tous les produits.<\/p><\/li><li class=\"\" data-start=\"819\" data-end=\"882\"><p class=\"\" data-start=\"821\" data-end=\"882\"><strong data-start=\"821\" data-end=\"852\">Prix de gros exclusifs<\/strong> pour les partenaires agr\u00e9\u00e9s.<\/p><\/li><li class=\"\" data-start=\"883\" data-end=\"936\"><p class=\"\" data-start=\"885\" data-end=\"936\"><strong data-start=\"885\" data-end=\"913\">Quantit\u00e9s minimales de commande<\/strong> s'appliquent \u00e0 certains articles.<\/p><\/li><\/ul>\t\t\t\t\t\t\t\t<\/div>\n\t\t\t\t<\/div>\n\t\t\t\t<\/div>\n\t\t\t\t\t<\/div>\n\t\t\t\t<\/div>\n\t\t\t\t<\/div>","protected":false},"excerpt":{"rendered":"<p>Bienvenue sur notre site ! Connectez-vous ci-dessous pour d\u00e9couvrir des produits et des prix de gros exclusifs. Nouveau chez Lester's Wholesale ? Vous devez cr\u00e9er un compte pour acc\u00e9der \u00e0 notre catalogue de vente en gros. Appliquer maintenant Options d'emballage en vrac disponibles pour tous les produits. Prix de gros exclusifs pour les partenaires approuv\u00e9s. Des quantit\u00e9s minimales de commande s'appliquent \u00e0 certains articles.<\/p>","protected":false},"author":1,"featured_media":0,"parent":0,"menu_order":0,"comment_status":"closed","ping_status":"closed","template":"","meta":{"footnotes":""},"class_list":["post-3131","page","type-page","status-publish","hentry"],"jetpack_sharing_enabled":true,"_links":{"self":[{"href":"https:\/\/lestersdeli.com\/fr\/wp-json\/wp\/v2\/pages\/3131","targetHints":{"allow":["GET"]}}],"collection":[{"href":"https:\/\/lestersdeli.com\/fr\/wp-json\/wp\/v2\/pages"}],"about":[{"href":"https:\/\/lestersdeli.com\/fr\/wp-json\/wp\/v2\/types\/page"}],"author":[{"embeddable":true,"href":"https:\/\/lestersdeli.com\/fr\/wp-json\/wp\/v2\/users\/1"}],"replies":[{"embeddable":true,"href":"https:\/\/lestersdeli.com\/fr\/wp-json\/wp\/v2\/comments?post=3131"}],"version-history":[{"count":25,"href":"https:\/\/lestersdeli.com\/fr\/wp-json\/wp\/v2\/pages\/3131\/revisions"}],"predecessor-version":[{"id":3168,"href":"https:\/\/lestersdeli.com\/fr\/wp-json\/wp\/v2\/pages\/3131\/revisions\/3168"}],"wp:attachment":[{"href":"https:\/\/lestersdeli.com\/fr\/wp-json\/wp\/v2\/media?parent=3131"}],"curies":[{"name":"wp","href":"https:\/\/api.w.org\/{rel}","templated":true}]}}