{"id":3852,"date":"2025-07-09T21:26:56","date_gmt":"2025-07-10T01:26:56","guid":{"rendered":"https:\/\/lestersdeli.com\/?page_id=3852"},"modified":"2025-10-14T22:55:41","modified_gmt":"2025-10-15T02:55:41","slug":"lesters-deli-wholesale","status":"publish","type":"page","link":"https:\/\/lestersdeli.com\/fr\/lesters-deli-wholesale\/","title":{"rendered":"Lester's Deli Wholesale"},"content":{"rendered":"<div data-elementor-type=\"wp-page\" data-elementor-id=\"3852\" class=\"elementor elementor-3852\" data-elementor-post-type=\"page\">\n\t\t\t\t<div class=\"elementor-element elementor-element-237aef9 e-flex e-con-boxed e-con e-parent\" data-id=\"237aef9\" data-element_type=\"container\" data-e-type=\"container\" data-settings=\"{&quot;background_background&quot;:&quot;classic&quot;}\">\n\t\t\t\t\t<div class=\"e-con-inner\">\n\t\t<div class=\"elementor-element elementor-element-22ead16 e-con-full e-flex e-con e-child\" data-id=\"22ead16\" data-element_type=\"container\" data-e-type=\"container\">\n\t\t\t\t<div class=\"elementor-element elementor-element-42d32e8 elementor-widget elementor-widget-heading\" data-id=\"42d32e8\" data-element_type=\"widget\" data-e-type=\"widget\" data-widget_type=\"heading.default\">\n\t\t\t\t<div class=\"elementor-widget-container\">\n\t\t\t\t\t<h1 class=\"elementor-heading-title elementor-size-default\">Demander un compte de gros<\/h1>\t\t\t\t<\/div>\n\t\t\t\t<\/div>\n\t\t\t\t<div class=\"elementor-element elementor-element-dfbff57 elementor-widget elementor-widget-text-editor\" data-id=\"dfbff57\" data-element_type=\"widget\" data-e-type=\"widget\" data-widget_type=\"text-editor.default\">\n\t\t\t\t<div class=\"elementor-widget-container\">\n\t\t\t\t\t\t\t\t\t<p>Notre programme de vente en gros est ouvert aux restaurants, aux d\u00e9taillants et aux traiteurs qui souhaitent servir en vrac la viande fum\u00e9e embl\u00e9matique de Lester's et les classiques de la charcuterie.<\/p><p>Les comptes de gros sont approuv\u00e9s manuellement. Veuillez compl\u00e9ter le formulaire ci-dessous avec les d\u00e9tails de votre entreprise. Nous examinerons votre demande et vous contacterons dans les plus brefs d\u00e9lais. <strong data-start=\"576\" data-end=\"597\">1-2 jours ouvrables<\/strong>.<\/p><p>\ud83d\udc49 D\u00e9j\u00e0 approuv\u00e9 ?<\/p>\t\t\t\t\t\t\t\t<\/div>\n\t\t\t\t<\/div>\n\t\t\t\t<div class=\"elementor-element elementor-element-83b0fb5 elementor-align-left elementor-mobile-align-center elementor-widget elementor-widget-button\" data-id=\"83b0fb5\" data-element_type=\"widget\" data-e-type=\"widget\" data-widget_type=\"button.default\">\n\t\t\t\t<div class=\"elementor-widget-container\">\n\t\t\t\t\t\t\t\t\t<div class=\"elementor-button-wrapper\">\n\t\t\t\t\t<a class=\"elementor-button elementor-button-link elementor-size-sm\" href=\"\/fr\/my-account\/\" target=\"_blank\">\n\t\t\t\t\t\t<span class=\"elementor-button-content-wrapper\">\n\t\t\t\t\t\t\t\t\t<span class=\"elementor-button-text\">Connectez-vous ici<\/span>\n\t\t\t\t\t<\/span>\n\t\t\t\t\t<\/a>\n\t\t\t\t<\/div>\n\t\t\t\t\t\t\t\t<\/div>\n\t\t\t\t<\/div>\n\t\t\t\t<\/div>\n\t\t<div class=\"elementor-element elementor-element-66e71ff e-con-full e-flex e-con e-child\" data-id=\"66e71ff\" data-element_type=\"container\" data-e-type=\"container\" data-settings=\"{&quot;background_background&quot;:&quot;classic&quot;}\">\n\t\t\t\t<\/div>\n\t\t\t\t\t<\/div>\n\t\t\t\t<\/div>\n\t\t<div class=\"elementor-element elementor-element-a27290e e-flex e-con-boxed e-con e-parent\" data-id=\"a27290e\" data-element_type=\"container\" data-e-type=\"container\">\n\t\t\t\t\t<div class=\"e-con-inner\">\n\t\t\t\t<div class=\"elementor-element elementor-element-92d2c1e elementor-widget elementor-widget-shortcode\" data-id=\"92d2c1e\" data-element_type=\"widget\" data-e-type=\"widget\" data-widget_type=\"shortcode.default\">\n\t\t\t\t<div class=\"elementor-widget-container\">\n\t\t\t\t\t\t\t<div class=\"elementor-shortcode\">\n  \t\t\t<h2 class=\"b2bking_b2bregistration_only_register_header\">\r\n\t\t\tRegister<\/h2>\r\n\t\t\t<div class=\"woocommerce\">\r\n\t\t\t\t<form method=\"post\" class=\"woocommerce-form woocommerce-form-register register\" enctype=\"multipart\/form-data\" action=\"\" >\r\n\r\n\t\t\t\t\t\r\n\t\t\t\t\t\r\n\t\t\t\t\t<p class=\"woocommerce-form-row woocommerce-form-row--wide form-row form-row-wide\">\r\n\t\t\t\t\t\t<label for=\"reg_email\">Email address&nbsp;<span class=\"required\">*<\/span><\/label>\r\n\t\t\t\t\t\t<input type=\"email\" class=\"woocommerce-Input woocommerce-Input--text input-text\" name=\"email\" id=\"reg_email\" autocomplete=\"email\" value=\"\" \/>\r\n\t\t\t\t\t<\/p>\r\n\r\n\t\t\t\t\t\r\n\t\t\t\t\t\t<p>A link to set a new password will be sent to your email address.<\/p>\r\n\r\n\t\t\t\t\t\r\n\t\t\t\t\t\t\t\t\t\t\t<p class=\"woocommerce-form-row woocommerce-form-row--wide form-row form-row-wide b2bking_registration_roles_dropdown_section b2bking_registration_roles_dropdown_section_hidden\">\r\n\t\t\t\t\t\t\t\t\t\t\t\t\t\t<label for=\"b2bking_registration_roles_dropdown\">\r\n\t\t\t\t\t\t\t\tUser Type&nbsp;<span class=\"required\">*<\/span>\r\n\t\t\t\t\t\t\t<\/label>\r\n\t\t\t\t\t\t\t<select id=\"b2bking_registration_roles_dropdown\" name=\"b2bking_registration_roles_dropdown\" required>\r\n\t\t\t\t\t\t\t\t<option value=\"\" >- - - S\u00e9lectionner le r\u00f4le de l'utilisateur - - -<\/option><option value=\"role_3229\" >Client individuel<\/option><option value=\"role_3230\"  selected='selected'>B2B (n\u00e9cessite une approbation)<\/option>\t\t\t\t\t\t\t<\/select>\r\n\t\t\t\t\t\t<\/p>\r\n\t\t\t\t\t\t<div class=\"b2bking_custom_registration_container b2bking_custom_registration_container_field_3231 b2bking_custom_registration_role_3230\"><p class=\"woocommerce-form-row woocommerce-form-row--wide form-row form-row-wide\"><label for=\"b2bking_field_3231\">Pr\u00e9nom&nbsp;<span class=\"required\">*<\/span><\/label><input type=\"text\" id=\"b2bking_field_3231\" class=\"b2bking_custom_registration_field b2bking_custom_field_req_required\" name=\"b2bking_custom_field_3231\" value=\"\" placeholder=\"Entrez votre pr\u00e9nom ici...\" required><\/p><\/div><div class=\"b2bking_custom_registration_container b2bking_custom_registration_container_field_3232 b2bking_custom_registration_role_3230\"><p class=\"woocommerce-form-row woocommerce-form-row--wide form-row form-row-wide\"><label for=\"b2bking_field_3232\">Nom de famille&nbsp;<span class=\"required\">*<\/span><\/label><input type=\"text\" id=\"b2bking_field_3232\" class=\"b2bking_custom_registration_field b2bking_custom_field_req_required\" name=\"b2bking_custom_field_3232\" value=\"\" placeholder=\"Entrez votre nom de famille ici...\" required><\/p><\/div><div class=\"b2bking_custom_registration_container b2bking_custom_registration_container_field_3233 b2bking_custom_registration_role_3230\"><p class=\"woocommerce-form-row woocommerce-form-row--wide form-row form-row-wide\"><label for=\"b2bking_field_3233\">Nom de l'entreprise&nbsp;<span class=\"required\">*<\/span><\/label><input type=\"text\" id=\"b2bking_field_3233\" class=\"b2bking_custom_registration_field b2bking_custom_field_req_required\" name=\"b2bking_custom_field_3233\" value=\"\" placeholder=\"Saisissez ici le nom de votre entreprise...\" required><\/p><\/div><div class=\"b2bking_custom_registration_container b2bking_custom_registration_container_field_3238 b2bking_custom_registration_role_3230\"><p class=\"woocommerce-form-row woocommerce-form-row--wide form-row form-row-wide\"><label for=\"b2bking_field_3238\">Num\u00e9ro de t\u00e9l\u00e9phone&nbsp;<span class=\"required\">*<\/span><\/label><input id=\"b2bking_field_3238\" type=\"tel\" class=\"b2bking_custom_registration_field b2bking_custom_field_req_required\" name=\"b2bking_custom_field_3238\" value=\"\" placeholder=\"Entrez votre t\u00e9l\u00e9phone ici...\" required><\/p><\/div><wc-order-attribution-inputs><\/wc-order-attribution-inputs><div class=\"woocommerce-privacy-policy-text\"><p>Vos donn\u00e9es personnelles seront utilis\u00e9es pour faciliter votre exp\u00e9rience sur ce site web, pour g\u00e9rer l'acc\u00e8s \u00e0 votre compte et pour d'autres raisons d\u00e9crites dans notre <a href=\"https:\/\/lestersdeli.com\/fr\/privacy\/\" class=\"woocommerce-privacy-policy-link\" target=\"_blank\" data-no-translation=\"\" data-trp-gettext=\"\">politique de confidentialit\u00e9<\/a>.<\/p>\n<\/div>\r\n\t\t\t\t\t<p class=\"woocommerce-form-row form-row\">\r\n\t\t\t\t\t\t<input type=\"hidden\" id=\"woocommerce-register-nonce\" name=\"woocommerce-register-nonce\" value=\"34d2fdaeb3\" \/><input type=\"hidden\" name=\"_wp_http_referer\" value=\"\/fr\/wp-json\/wp\/v2\/pages\/3852\" \/>\t\t\t\t\t\t<button type=\"submit\" class=\"woocommerce-Button woocommerce-button button woocommerce-form-register__submit\" name=\"register\" value=\"Register\">Register<\/button>\r\n\t\t\t\t\t<\/p>\r\n\r\n\t\t\t\t\t\r\n\t\t\t\t<input type=\"hidden\" name=\"trp-form-language\" value=\"fr\"\/><\/form>\r\n\t\t\t<\/div>\r\n\t\t\t\n<\/div>\n\t\t\t\t\t\t<\/div>\n\t\t\t\t<\/div>\n\t\t\t\t\t<\/div>\n\t\t\t\t<\/div>\n\t\t\t\t<\/div>","protected":false},"excerpt":{"rendered":"<p>Demander un compte de vente en gros Notre programme de vente en gros s'adresse aux restaurants, aux d\u00e9taillants et aux traiteurs qui souhaitent servir en vrac les viandes fum\u00e9es embl\u00e9matiques de Lester's et les classiques de la charcuterie. Les comptes de gros sont approuv\u00e9s manuellement. Veuillez remplir le formulaire ci-dessous avec les d\u00e9tails de votre entreprise - nous l'examinerons et vous r\u00e9pondrons dans un d\u00e9lai de 1 \u00e0 2 jours ouvrables. \ud83d\udc49 D\u00e9j\u00e0 [...]<\/p>","protected":false},"author":1,"featured_media":0,"parent":0,"menu_order":0,"comment_status":"closed","ping_status":"closed","template":"elementor_header_footer","meta":{"footnotes":""},"class_list":["post-3852","page","type-page","status-publish","hentry"],"jetpack_sharing_enabled":true,"_links":{"self":[{"href":"https:\/\/lestersdeli.com\/fr\/wp-json\/wp\/v2\/pages\/3852","targetHints":{"allow":["GET"]}}],"collection":[{"href":"https:\/\/lestersdeli.com\/fr\/wp-json\/wp\/v2\/pages"}],"about":[{"href":"https:\/\/lestersdeli.com\/fr\/wp-json\/wp\/v2\/types\/page"}],"author":[{"embeddable":true,"href":"https:\/\/lestersdeli.com\/fr\/wp-json\/wp\/v2\/users\/1"}],"replies":[{"embeddable":true,"href":"https:\/\/lestersdeli.com\/fr\/wp-json\/wp\/v2\/comments?post=3852"}],"version-history":[{"count":22,"href":"https:\/\/lestersdeli.com\/fr\/wp-json\/wp\/v2\/pages\/3852\/revisions"}],"predecessor-version":[{"id":4347,"href":"https:\/\/lestersdeli.com\/fr\/wp-json\/wp\/v2\/pages\/3852\/revisions\/4347"}],"wp:attachment":[{"href":"https:\/\/lestersdeli.com\/fr\/wp-json\/wp\/v2\/media?parent=3852"}],"curies":[{"name":"wp","href":"https:\/\/api.w.org\/{rel}","templated":true}]}}