{"id":4997,"date":"2026-03-25T21:44:18","date_gmt":"2026-03-26T01:44:18","guid":{"rendered":"https:\/\/lestersdeli.com\/?page_id=4997"},"modified":"2026-04-03T10:45:09","modified_gmt":"2026-04-03T14:45:09","slug":"franchise-opportunities","status":"publish","type":"page","link":"https:\/\/lestersdeli.com\/fr\/locations\/las-vegas\/franchise-opportunities\/","title":{"rendered":"Opportunit\u00e9s de franchise"},"content":{"rendered":"<div data-elementor-type=\"wp-page\" data-elementor-id=\"4997\" class=\"elementor elementor-4997\" data-elementor-post-type=\"page\">\n\t\t\t\t<div class=\"elementor-element elementor-element-3140b4fe e-con-full e-flex e-con e-parent\" data-id=\"3140b4fe\" data-element_type=\"container\" data-e-type=\"container\" data-settings=\"{&quot;background_background&quot;:&quot;classic&quot;}\">\n\t\t<div class=\"elementor-element elementor-element-29b390c0 e-con-full e-flex e-con e-child\" data-id=\"29b390c0\" data-element_type=\"container\" data-e-type=\"container\" data-settings=\"{&quot;background_background&quot;:&quot;classic&quot;}\">\n\t\t\t\t<div class=\"elementor-element elementor-element-45bfbedc elementor-widget elementor-widget-heading\" data-id=\"45bfbedc\" data-element_type=\"widget\" data-e-type=\"widget\" data-widget_type=\"heading.default\">\n\t\t\t\t<div class=\"elementor-widget-container\">\n\t\t\t\t\t<h3 class=\"elementor-heading-title elementor-size-default\">Formulaire de demande de franchise<\/h3>\t\t\t\t<\/div>\n\t\t\t\t<\/div>\n\t\t\t\t<div class=\"elementor-element elementor-element-3c19da25 elementor-widget elementor-widget-text-editor\" data-id=\"3c19da25\" data-element_type=\"widget\" data-e-type=\"widget\" data-widget_type=\"text-editor.default\">\n\t\t\t\t<div class=\"elementor-widget-container\">\n\t\t\t\t\t\t\t\t\t<p>Il est facile de passer \u00e0 l'\u00e9tape suivante ! Remplissez le formulaire ci-dessous pour commencer votre parcours de franchiseur avec Lester's Deli :<\/p>\t\t\t\t\t\t\t\t<\/div>\n\t\t\t\t<\/div>\n\t\t\t\t<div class=\"elementor-element elementor-element-48a8c712 elementor-button-align-stretch elementor-widget elementor-widget-form\" data-id=\"48a8c712\" data-element_type=\"widget\" data-e-type=\"widget\" data-settings=\"{&quot;step_next_label&quot;:&quot;Next&quot;,&quot;step_previous_label&quot;:&quot;Previous&quot;,&quot;button_width&quot;:&quot;100&quot;,&quot;step_type&quot;:&quot;number_text&quot;,&quot;step_icon_shape&quot;:&quot;circle&quot;}\" data-widget_type=\"form.default\">\n\t\t\t\t<div class=\"elementor-widget-container\">\n\t\t\t\t\t\t\t<form class=\"elementor-form\" method=\"post\" name=\"Franchise Inquiry Form\" aria-label=\"Formulaire de demande de franchise\" action=\"\">\n\t\t\t<input type=\"hidden\" name=\"post_id\" value=\"4997\"\/>\n\t\t\t<input type=\"hidden\" name=\"form_id\" value=\"48a8c712\"\/>\n\t\t\t<input type=\"hidden\" name=\"referer_title\" value=\"Franchise Opportunities | Lesters Deli\" \/>\n\n\t\t\t\t\t\t\t<input type=\"hidden\" name=\"queried_id\" value=\"4997\"\/>\n\t\t\t\n\t\t\t<div class=\"elementor-form-fields-wrapper elementor-labels-above\">\n\t\t\t\t\t\t\t\t<div class=\"elementor-field-type-recaptcha_v3 elementor-field-group elementor-column elementor-field-group-field_b32e3d9 elementor-col-100 recaptcha_v3-bottomright\">\n\t\t\t\t\t<div class=\"elementor-field\" id=\"form-field-field_b32e3d9\"><div class=\"elementor-g-recaptcha\" data-sitekey=\"6LdLt7EoAAAAAEipuHn_ZmZOdfpe4GLYo5_ysUkX\" data-type=\"v3\" data-action=\"Form\" data-badge=\"bottomright\" data-size=\"invisible\"><\/div><\/div>\t\t\t\t<\/div>\n\t\t\t\t\t\t\t\t<div class=\"elementor-field-type-text elementor-field-group elementor-column elementor-field-group-name elementor-col-100 elementor-field-required\">\n\t\t\t\t\t\t\t\t\t\t\t\t<label for=\"form-field-name\" class=\"elementor-field-label\">\n\t\t\t\t\t\t\t\tNom\t\t\t\t\t\t\t<\/label>\n\t\t\t\t\t\t\t\t\t\t\t\t\t\t<input size=\"1\" type=\"text\" name=\"form_fields[name]\" id=\"form-field-name\" class=\"elementor-field elementor-size-sm  elementor-field-textual\" placeholder=\"Nom complet\" required=\"required\">\n\t\t\t\t\t\t\t\t\t\t\t<\/div>\n\t\t\t\t\t\t\t\t<div class=\"elementor-field-type-email elementor-field-group elementor-column elementor-field-group-email elementor-col-100 elementor-field-required\">\n\t\t\t\t\t\t\t\t\t\t\t\t<label for=\"form-field-email\" class=\"elementor-field-label\">\n\t\t\t\t\t\t\t\tCourriel\t\t\t\t\t\t\t<\/label>\n\t\t\t\t\t\t\t\t\t\t\t\t\t\t<input size=\"1\" type=\"email\" name=\"form_fields[email]\" id=\"form-field-email\" class=\"elementor-field elementor-size-sm  elementor-field-textual\" placeholder=\"Courriel\" required=\"required\">\n\t\t\t\t\t\t\t\t\t\t\t<\/div>\n\t\t\t\t\t\t\t\t<div class=\"elementor-field-type-tel elementor-field-group elementor-column elementor-field-group-field_046f4bd elementor-col-100 elementor-field-required\">\n\t\t\t\t\t\t\t\t\t\t\t\t<label for=\"form-field-field_046f4bd\" class=\"elementor-field-label\">\n\t\t\t\t\t\t\t\tNum\u00e9ro de t\u00e9l\u00e9phone\t\t\t\t\t\t\t<\/label>\n\t\t\t\t\t\t\t\t<input size=\"1\" type=\"tel\" name=\"form_fields[field_046f4bd]\" id=\"form-field-field_046f4bd\" class=\"elementor-field elementor-size-sm  elementor-field-textual\" placeholder=\"T\u00e9l\u00e9phone\" required=\"required\" pattern=\"[0-9()#&amp;+*-=.]+\" title=\"Seuls les caract\u00e8res de num\u00e9ros de t\u00e9l\u00e9phone (#, -, *, etc.) sont accept\u00e9s.\" data-no-translation-title=\"\">\n\n\t\t\t\t\t\t<\/div>\n\t\t\t\t\t\t\t\t<div class=\"elementor-field-type-select elementor-field-group elementor-column elementor-field-group-field_8e57cb7 elementor-col-100 elementor-field-required\">\n\t\t\t\t\t\t\t\t\t\t\t\t<label for=\"form-field-field_8e57cb7\" class=\"elementor-field-label\">\n\t\t\t\t\t\t\t\tPlusieurs ann\u00e9es d'exp\u00e9rience dans la restauration et\/ou le franchisage :\t\t\t\t\t\t\t<\/label>\n\t\t\t\t\t\t\t\t<div class=\"elementor-field elementor-select-wrapper remove-before\">\n\t\t\t<div class=\"select-caret-down-wrapper\">\n\t\t\t\t<i aria-hidden=\"true\" class=\"eicon-caret-down\"><\/i>\t\t\t<\/div>\n\t\t\t<select name=\"form_fields[field_8e57cb7]\" id=\"form-field-field_8e57cb7\" class=\"elementor-field-textual elementor-size-sm\" required=\"required\">\n\t\t\t\t\t\t\t\t\t<option value=\"Please make a selection\">Veuillez faire une s\u00e9lection<\/option>\n\t\t\t\t\t\t\t\t\t<option value=\"None\">Aucun<\/option>\n\t\t\t\t\t\t\t\t\t<option value=\"1 - 3 Years\">1 - 3 ans<\/option>\n\t\t\t\t\t\t\t\t\t<option value=\"4 - 6 Years\">4 - 6 ans<\/option>\n\t\t\t\t\t\t\t\t\t<option value=\"7 - 9 Years\">7 - 9 ans<\/option>\n\t\t\t\t\t\t\t\t\t<option value=\"10+ Years\">10 ans et plus<\/option>\n\t\t\t\t\t\t\t<\/select>\n\t\t<\/div>\n\t\t\t\t\t\t<\/div>\n\t\t\t\t\t\t\t\t<div class=\"elementor-field-type-select elementor-field-group elementor-column elementor-field-group-field_b57f2ac elementor-col-100 elementor-field-required\">\n\t\t\t\t\t\t\t\t\t\t\t\t<label for=\"form-field-field_b57f2ac\" class=\"elementor-field-label\">\n\t\t\t\t\t\t\t\tNombre d'unit\u00e9s de restaurant que vous poss\u00e9dez actuellement ou que vous avez poss\u00e9d\u00e9es :\t\t\t\t\t\t\t<\/label>\n\t\t\t\t\t\t\t\t<div class=\"elementor-field elementor-select-wrapper remove-before\">\n\t\t\t<div class=\"select-caret-down-wrapper\">\n\t\t\t\t<i aria-hidden=\"true\" class=\"eicon-caret-down\"><\/i>\t\t\t<\/div>\n\t\t\t<select name=\"form_fields[field_b57f2ac]\" id=\"form-field-field_b57f2ac\" class=\"elementor-field-textual elementor-size-sm\" required=\"required\">\n\t\t\t\t\t\t\t\t\t<option value=\"Please make a selection\">Veuillez faire une s\u00e9lection<\/option>\n\t\t\t\t\t\t\t\t\t<option value=\"None\">Aucun<\/option>\n\t\t\t\t\t\t\t\t\t<option value=\"1 - 5 Units\">1 - 5 unit\u00e9s<\/option>\n\t\t\t\t\t\t\t\t\t<option value=\"6 - 10 Units\">6 - 10 unit\u00e9s<\/option>\n\t\t\t\t\t\t\t\t\t<option value=\"11 - 20 Units\">11 - 20 unit\u00e9s<\/option>\n\t\t\t\t\t\t\t\t\t<option value=\"21+ Units\">21+ Unit\u00e9s<\/option>\n\t\t\t\t\t\t\t<\/select>\n\t\t<\/div>\n\t\t\t\t\t\t<\/div>\n\t\t\t\t\t\t\t\t<div class=\"elementor-field-type-textarea elementor-field-group elementor-column elementor-field-group-field_215d430 elementor-col-100 elementor-field-required\">\n\t\t\t\t\t\t\t\t\t\t\t\t<label for=\"form-field-field_215d430\" class=\"elementor-field-label\">\n\t\t\t\t\t\t\t\tLes marques de restaurants que vous poss\u00e9dez actuellement ou que vous avez poss\u00e9d\u00e9es :\t\t\t\t\t\t\t<\/label>\n\t\t\t\t\t\t<textarea class=\"elementor-field-textual elementor-field  elementor-size-sm\" name=\"form_fields[field_215d430]\" id=\"form-field-field_215d430\" rows=\"3\" required=\"required\"><\/textarea>\t\t\t\t<\/div>\n\t\t\t\t\t\t\t\t<div class=\"elementor-field-type-select elementor-field-group elementor-column elementor-field-group-field_bfd7540 elementor-col-100\">\n\t\t\t\t\t\t\t\t\t\t\t\t<label for=\"form-field-field_bfd7540\" class=\"elementor-field-label\">\n\t\t\t\t\t\t\t\tNombre d'unit\u00e9s de Lester's Deli \u00e0 acqu\u00e9rir :\t\t\t\t\t\t\t<\/label>\n\t\t\t\t\t\t\t\t<div class=\"elementor-field elementor-select-wrapper remove-before\">\n\t\t\t<div class=\"select-caret-down-wrapper\">\n\t\t\t\t<i aria-hidden=\"true\" class=\"eicon-caret-down\"><\/i>\t\t\t<\/div>\n\t\t\t<select name=\"form_fields[field_bfd7540]\" id=\"form-field-field_bfd7540\" class=\"elementor-field-textual elementor-size-sm\">\n\t\t\t\t\t\t\t\t\t<option value=\"Please make a selection\">Veuillez faire une s\u00e9lection<\/option>\n\t\t\t\t\t\t\t\t\t<option value=\"1 - 3 Units\">1 - 3 unit\u00e9s<\/option>\n\t\t\t\t\t\t\t\t\t<option value=\"4 - 5 Units\">4 - 5 unit\u00e9s<\/option>\n\t\t\t\t\t\t\t\t\t<option value=\"6 - 9 Units\">6 - 9 unit\u00e9s<\/option>\n\t\t\t\t\t\t\t\t\t<option value=\"10 - 19 Units\">10 - 19 unit\u00e9s<\/option>\n\t\t\t\t\t\t\t\t\t<option value=\"20+ Units\">20+ unit\u00e9s<\/option>\n\t\t\t\t\t\t\t<\/select>\n\t\t<\/div>\n\t\t\t\t\t\t<\/div>\n\t\t\t\t\t\t\t\t<div class=\"elementor-field-type-select elementor-field-group elementor-column elementor-field-group-field_3be67f3 elementor-col-100\">\n\t\t\t\t\t\t\t\t\t\t\t\t<label for=\"form-field-field_3be67f3\" class=\"elementor-field-label\">\n\t\t\t\t\t\t\t\tPr\u00e9f\u00e9rence pour l'acquisition des unit\u00e9s de Lester's Deli :\t\t\t\t\t\t\t<\/label>\n\t\t\t\t\t\t\t\t<div class=\"elementor-field elementor-select-wrapper remove-before\">\n\t\t\t<div class=\"select-caret-down-wrapper\">\n\t\t\t\t<i aria-hidden=\"true\" class=\"eicon-caret-down\"><\/i>\t\t\t<\/div>\n\t\t\t<select name=\"form_fields[field_3be67f3]\" id=\"form-field-field_3be67f3\" class=\"elementor-field-textual elementor-size-sm\">\n\t\t\t\t\t\t\t\t\t<option value=\"Please make a selection\">Veuillez faire une s\u00e9lection<\/option>\n\t\t\t\t\t\t\t\t\t<option value=\"Buy\">Acheter<\/option>\n\t\t\t\t\t\t\t\t\t<option value=\"Build\">Construire<\/option>\n\t\t\t\t\t\t\t\t\t<option value=\"Both\">Les deux<\/option>\n\t\t\t\t\t\t\t<\/select>\n\t\t<\/div>\n\t\t\t\t\t\t<\/div>\n\t\t\t\t\t\t\t\t<div class=\"elementor-field-type-select elementor-field-group elementor-column elementor-field-group-field_ed38b8d elementor-col-100\">\n\t\t\t\t\t\t\t\t\t\t\t\t<label for=\"form-field-field_ed38b8d\" class=\"elementor-field-label\">\n\t\t\t\t\t\t\t\tCalendrier de croissance :\t\t\t\t\t\t\t<\/label>\n\t\t\t\t\t\t\t\t<div class=\"elementor-field elementor-select-wrapper remove-before\">\n\t\t\t<div class=\"select-caret-down-wrapper\">\n\t\t\t\t<i aria-hidden=\"true\" class=\"eicon-caret-down\"><\/i>\t\t\t<\/div>\n\t\t\t<select name=\"form_fields[field_ed38b8d]\" id=\"form-field-field_ed38b8d\" class=\"elementor-field-textual elementor-size-sm\">\n\t\t\t\t\t\t\t\t\t<option value=\"Please make a selection\">Veuillez faire une s\u00e9lection<\/option>\n\t\t\t\t\t\t\t\t\t<option value=\"Within the next 3 months\">Dans les 3 prochains mois<\/option>\n\t\t\t\t\t\t\t\t\t<option value=\"Within the next 6 months\">Dans les 6 prochains mois<\/option>\n\t\t\t\t\t\t\t\t\t<option value=\"Within the next 9 months\">Dans les 9 prochains mois<\/option>\n\t\t\t\t\t\t\t\t\t<option value=\"12 months or more\">12 mois ou plus<\/option>\n\t\t\t\t\t\t\t<\/select>\n\t\t<\/div>\n\t\t\t\t\t\t<\/div>\n\t\t\t\t\t\t\t\t<div class=\"elementor-field-type-select elementor-field-group elementor-column elementor-field-group-field_ae495ef elementor-col-100 elementor-field-required\">\n\t\t\t\t\t\t\t\t\t\t\t\t<label for=\"form-field-field_ae495ef\" class=\"elementor-field-label\">\n\t\t\t\t\t\t\t\tAvez-vous ou pr\u00e9voyez-vous d'avoir un partenaire commercial ?\t\t\t\t\t\t\t<\/label>\n\t\t\t\t\t\t\t\t<div class=\"elementor-field elementor-select-wrapper remove-before\">\n\t\t\t<div class=\"select-caret-down-wrapper\">\n\t\t\t\t<i aria-hidden=\"true\" class=\"eicon-caret-down\"><\/i>\t\t\t<\/div>\n\t\t\t<select name=\"form_fields[field_ae495ef]\" id=\"form-field-field_ae495ef\" class=\"elementor-field-textual elementor-size-sm\" required=\"required\">\n\t\t\t\t\t\t\t\t\t<option value=\"Please make a selection\">Veuillez faire une s\u00e9lection<\/option>\n\t\t\t\t\t\t\t\t\t<option value=\"Yes\">Oui<\/option>\n\t\t\t\t\t\t\t\t\t<option value=\"No\">Non<\/option>\n\t\t\t\t\t\t\t<\/select>\n\t\t<\/div>\n\t\t\t\t\t\t<\/div>\n\t\t\t\t\t\t\t\t<div class=\"elementor-field-type-select elementor-field-group elementor-column elementor-field-group-field_a53ce3c elementor-col-100\">\n\t\t\t\t\t\t\t\t\t\t\t\t<label for=\"form-field-field_a53ce3c\" class=\"elementor-field-label\">\n\t\t\t\t\t\t\t\tValeur nette :\t\t\t\t\t\t\t<\/label>\n\t\t\t\t\t\t\t\t<div class=\"elementor-field elementor-select-wrapper remove-before\">\n\t\t\t<div class=\"select-caret-down-wrapper\">\n\t\t\t\t<i aria-hidden=\"true\" class=\"eicon-caret-down\"><\/i>\t\t\t<\/div>\n\t\t\t<select name=\"form_fields[field_a53ce3c]\" id=\"form-field-field_a53ce3c\" class=\"elementor-field-textual elementor-size-sm\">\n\t\t\t\t\t\t\t\t\t<option value=\"Please make a selection\">Veuillez faire une s\u00e9lection<\/option>\n\t\t\t\t\t\t\t\t\t<option value=\"Under $150,000\">Moins de $150 000<\/option>\n\t\t\t\t\t\t\t\t\t<option value=\"$150,000 - $249,999\">$150,000 - $249,999<\/option>\n\t\t\t\t\t\t\t\t\t<option value=\"$250,000 - $499,999\">$250,000 - $499,999<\/option>\n\t\t\t\t\t\t\t\t\t<option value=\"$500,000 - $999,999\">$500,000 - $999,999<\/option>\n\t\t\t\t\t\t\t\t\t<option value=\"$1 Million and above\">$1 Million et plus<\/option>\n\t\t\t\t\t\t\t<\/select>\n\t\t<\/div>\n\t\t\t\t\t\t<\/div>\n\t\t\t\t\t\t\t\t<div class=\"elementor-field-type-select elementor-field-group elementor-column elementor-field-group-field_bffd996 elementor-col-100\">\n\t\t\t\t\t\t\t\t\t\t\t\t<label for=\"form-field-field_bffd996\" class=\"elementor-field-label\">\n\t\t\t\t\t\t\t\tLiquidit\u00e9 actuelle :\t\t\t\t\t\t\t<\/label>\n\t\t\t\t\t\t\t\t<div class=\"elementor-field elementor-select-wrapper remove-before\">\n\t\t\t<div class=\"select-caret-down-wrapper\">\n\t\t\t\t<i aria-hidden=\"true\" class=\"eicon-caret-down\"><\/i>\t\t\t<\/div>\n\t\t\t<select name=\"form_fields[field_bffd996]\" id=\"form-field-field_bffd996\" class=\"elementor-field-textual elementor-size-sm\">\n\t\t\t\t\t\t\t\t\t<option value=\"Please make a selection\">Veuillez faire une s\u00e9lection<\/option>\n\t\t\t\t\t\t\t\t\t<option value=\"Under $150,000\">Moins de $150 000<\/option>\n\t\t\t\t\t\t\t\t\t<option value=\"$150,000 - $249,999\">$150,000 - $249,999<\/option>\n\t\t\t\t\t\t\t\t\t<option value=\"$250,000 - $499,999\">$250,000 - $499,999<\/option>\n\t\t\t\t\t\t\t\t\t<option value=\"$500,000 - $999,999\">$500,000 - $999,999<\/option>\n\t\t\t\t\t\t\t\t\t<option value=\"$1 Million and above\">$1 Million et plus<\/option>\n\t\t\t\t\t\t\t<\/select>\n\t\t<\/div>\n\t\t\t\t\t\t<\/div>\n\t\t\t\t\t\t\t\t<div class=\"elementor-field-type-select elementor-field-group elementor-column elementor-field-group-field_fd14bbc elementor-col-100\">\n\t\t\t\t\t\t\t\t\t\t\t\t<label for=\"form-field-field_fd14bbc\" class=\"elementor-field-label\">\n\t\t\t\t\t\t\t\tCapital disponible pour l'investissement :\t\t\t\t\t\t\t<\/label>\n\t\t\t\t\t\t\t\t<div class=\"elementor-field elementor-select-wrapper remove-before\">\n\t\t\t<div class=\"select-caret-down-wrapper\">\n\t\t\t\t<i aria-hidden=\"true\" class=\"eicon-caret-down\"><\/i>\t\t\t<\/div>\n\t\t\t<select name=\"form_fields[field_fd14bbc]\" id=\"form-field-field_fd14bbc\" class=\"elementor-field-textual elementor-size-sm\">\n\t\t\t\t\t\t\t\t\t<option value=\"Please make a selection\">Veuillez faire une s\u00e9lection<\/option>\n\t\t\t\t\t\t\t\t\t<option value=\"Under $50,000\">Moins de $50 000<\/option>\n\t\t\t\t\t\t\t\t\t<option value=\"$50,000 - $149,999\">$50,000 - $149,999<\/option>\n\t\t\t\t\t\t\t\t\t<option value=\"$150,000 - $249,999\">$150,000 - $249,999<\/option>\n\t\t\t\t\t\t\t\t\t<option value=\"$250,000 and above\">$250 000 et plus<\/option>\n\t\t\t\t\t\t\t<\/select>\n\t\t<\/div>\n\t\t\t\t\t\t<\/div>\n\t\t\t\t\t\t\t\t<div class=\"elementor-field-type-text elementor-field-group elementor-column elementor-field-group-field_5665822 elementor-col-100\">\n\t\t\t\t\t\t\t\t\t\t\t\t<label for=\"form-field-field_5665822\" class=\"elementor-field-label\">\n\t\t\t\t\t\t\t\tEmplacement propos\u00e9 pour Lester's Deli (City &amp; Country) :\t\t\t\t\t\t\t<\/label>\n\t\t\t\t\t\t\t\t\t\t\t\t\t\t<input size=\"1\" type=\"text\" name=\"form_fields[field_5665822]\" id=\"form-field-field_5665822\" class=\"elementor-field elementor-size-sm  elementor-field-textual\" placeholder=\"Exemple : Montr\u00e9al, Canada\">\n\t\t\t\t\t\t\t\t\t\t\t<\/div>\n\t\t\t\t\t\t\t\t<div class=\"elementor-field-type-textarea elementor-field-group elementor-column elementor-field-group-field_2f14430 elementor-col-100\">\n\t\t\t\t\t\t\t\t\t\t\t\t<label for=\"form-field-field_2f14430\" class=\"elementor-field-label\">\n\t\t\t\t\t\t\t\tComment avez-vous d\u00e9couvert les possibilit\u00e9s de franchise de Lester's Deli ?\t\t\t\t\t\t\t<\/label>\n\t\t\t\t\t\t<textarea class=\"elementor-field-textual elementor-field  elementor-size-sm\" name=\"form_fields[field_2f14430]\" id=\"form-field-field_2f14430\" rows=\"4\"><\/textarea>\t\t\t\t<\/div>\n\t\t\t\t\t\t\t\t<div class=\"elementor-field-type-textarea elementor-field-group elementor-column elementor-field-group-field_9e017fc elementor-col-100\">\n\t\t\t\t\t\t\t\t\t\t\t\t<label for=\"form-field-field_9e017fc\" class=\"elementor-field-label\">\n\t\t\t\t\t\t\t\tRaison pour laquelle vous souhaitez ouvrir une franchise de charcuterie Lester's Deli :\t\t\t\t\t\t\t<\/label>\n\t\t\t\t\t\t<textarea class=\"elementor-field-textual elementor-field  elementor-size-sm\" name=\"form_fields[field_9e017fc]\" id=\"form-field-field_9e017fc\" rows=\"4\"><\/textarea>\t\t\t\t<\/div>\n\t\t\t\t\t\t\t\t<div class=\"elementor-field-type-textarea elementor-field-group elementor-column elementor-field-group-field_94fefc4 elementor-col-100\">\n\t\t\t\t\t\t\t\t\t\t\t\t<label for=\"form-field-field_94fefc4\" class=\"elementor-field-label\">\n\t\t\t\t\t\t\t\tQuestions ou commentaires suppl\u00e9mentaires :\t\t\t\t\t\t\t<\/label>\n\t\t\t\t\t\t<textarea class=\"elementor-field-textual elementor-field  elementor-size-sm\" name=\"form_fields[field_94fefc4]\" id=\"form-field-field_94fefc4\" rows=\"4\"><\/textarea>\t\t\t\t<\/div>\n\t\t\t\t\t\t\t\t<div class=\"elementor-field-group elementor-column elementor-field-type-submit elementor-col-100 e-form__buttons\">\n\t\t\t\t\t<button class=\"elementor-button elementor-size-sm\" type=\"submit\">\n\t\t\t\t\t\t<span class=\"elementor-button-content-wrapper\">\n\t\t\t\t\t\t\t\t\t\t\t\t\t\t\t\t\t\t\t\t\t\t<span class=\"elementor-button-text\">Envoyer<\/span>\n\t\t\t\t\t\t\t\t\t\t\t\t\t<\/span>\n\t\t\t\t\t<\/button>\n\t\t\t\t<\/div>\n\t\t\t<\/div>\n\t\t<input type=\"hidden\" name=\"trp-form-language\" value=\"fr\"\/><\/form>\n\t\t\t\t\t\t<\/div>\n\t\t\t\t<\/div>\n\t\t\t\t<\/div>\n\t\t\t\t<\/div>\n\t\t\t\t<\/div>","protected":false},"excerpt":{"rendered":"<p>Formulaire de demande de franchise Il est facile de passer \u00e0 l'\u00e9tape suivante ! Remplissez le formulaire ci-dessous pour commencer votre parcours de franchiseur avec Lester's Deli :<\/p>","protected":false},"author":1,"featured_media":0,"parent":4974,"menu_order":0,"comment_status":"closed","ping_status":"closed","template":"","meta":{"footnotes":""},"class_list":["post-4997","page","type-page","status-publish","hentry"],"jetpack_sharing_enabled":true,"_links":{"self":[{"href":"https:\/\/lestersdeli.com\/fr\/wp-json\/wp\/v2\/pages\/4997","targetHints":{"allow":["GET"]}}],"collection":[{"href":"https:\/\/lestersdeli.com\/fr\/wp-json\/wp\/v2\/pages"}],"about":[{"href":"https:\/\/lestersdeli.com\/fr\/wp-json\/wp\/v2\/types\/page"}],"author":[{"embeddable":true,"href":"https:\/\/lestersdeli.com\/fr\/wp-json\/wp\/v2\/users\/1"}],"replies":[{"embeddable":true,"href":"https:\/\/lestersdeli.com\/fr\/wp-json\/wp\/v2\/comments?post=4997"}],"version-history":[{"count":4,"href":"https:\/\/lestersdeli.com\/fr\/wp-json\/wp\/v2\/pages\/4997\/revisions"}],"predecessor-version":[{"id":5061,"href":"https:\/\/lestersdeli.com\/fr\/wp-json\/wp\/v2\/pages\/4997\/revisions\/5061"}],"up":[{"embeddable":true,"href":"https:\/\/lestersdeli.com\/fr\/wp-json\/wp\/v2\/pages\/4974"}],"wp:attachment":[{"href":"https:\/\/lestersdeli.com\/fr\/wp-json\/wp\/v2\/media?parent=4997"}],"curies":[{"name":"wp","href":"https:\/\/api.w.org\/{rel}","templated":true}]}}