{"id":523,"date":"2023-08-25T01:42:46","date_gmt":"2023-08-25T01:42:46","guid":{"rendered":"https:\/\/lestersdeli.com\/?page_id=523"},"modified":"2025-09-28T18:10:08","modified_gmt":"2025-09-28T22:10:08","slug":"order-lesters-deli-delivery","status":"publish","type":"page","link":"https:\/\/lestersdeli.com\/fr\/order-lesters-deli-delivery\/","title":{"rendered":"Page d'atterrissage \"Commander maintenant"},"content":{"rendered":"<div data-elementor-type=\"wp-page\" data-elementor-id=\"523\" class=\"elementor elementor-523\" data-elementor-post-type=\"page\">\n\t\t\t\t<div class=\"elementor-element elementor-element-3af718d0 e-flex e-con-boxed e-con e-parent\" data-id=\"3af718d0\" data-element_type=\"container\" data-e-type=\"container\" data-settings=\"{&quot;background_background&quot;:&quot;classic&quot;}\">\n\t\t\t\t\t<div class=\"e-con-inner\">\n\t\t<div class=\"elementor-element elementor-element-755624a4 e-con-full e-flex e-con e-child\" data-id=\"755624a4\" data-element_type=\"container\" data-e-type=\"container\" data-settings=\"{&quot;background_background&quot;:&quot;classic&quot;}\">\n\t\t\t\t<div class=\"elementor-element elementor-element-0f6e6c1 elementor-widget elementor-widget-image\" data-id=\"0f6e6c1\" data-element_type=\"widget\" data-e-type=\"widget\" data-widget_type=\"image.default\">\n\t\t\t\t<div class=\"elementor-widget-container\">\n\t\t\t\t\t\t\t\t\t\t\t\t\t\t\t<img fetchpriority=\"high\" decoding=\"async\" width=\"800\" height=\"600\" src=\"https:\/\/i0.wp.com\/lestersdeli.com\/wp-content\/uploads\/2024\/12\/DSC02418-copy.webp?fit=800%2C600&amp;ssl=1\" class=\"attachment-large size-large wp-image-2952\" alt=\"\" srcset=\"https:\/\/i0.wp.com\/lestersdeli.com\/wp-content\/uploads\/2024\/12\/DSC02418-copy.webp?w=1200&amp;ssl=1 1200w, https:\/\/i0.wp.com\/lestersdeli.com\/wp-content\/uploads\/2024\/12\/DSC02418-copy.webp?resize=300%2C225&amp;ssl=1 300w, https:\/\/i0.wp.com\/lestersdeli.com\/wp-content\/uploads\/2024\/12\/DSC02418-copy.webp?resize=1024%2C768&amp;ssl=1 1024w, https:\/\/i0.wp.com\/lestersdeli.com\/wp-content\/uploads\/2024\/12\/DSC02418-copy.webp?resize=768%2C576&amp;ssl=1 768w\" sizes=\"(max-width: 800px) 100vw, 800px\">\t\t\t\t\t\t\t\t\t\t\t\t\t\t\t<\/div>\n\t\t\t\t<\/div>\n\t\t\t\t<div class=\"elementor-element elementor-element-86b9f2d elementor-widget elementor-widget-heading\" data-id=\"86b9f2d\" data-element_type=\"widget\" data-e-type=\"widget\" data-widget_type=\"heading.default\">\n\t\t\t\t<div class=\"elementor-widget-container\">\n\t\t\t\t\t<h2 class=\"elementor-heading-title elementor-size-default\">Delivery Online!<\/h2>\t\t\t\t<\/div>\n\t\t\t\t<\/div>\n\t\t\t\t<div class=\"elementor-element elementor-element-d83d39a elementor-widget elementor-widget-text-editor\" data-id=\"d83d39a\" data-element_type=\"widget\" data-e-type=\"widget\" data-widget_type=\"text-editor.default\">\n\t\t\t\t<div class=\"elementor-widget-container\">\n\t\t\t\t\t\t\t\t\t<p>Faites-vous livrer vos plats pr\u00e9f\u00e9r\u00e9s de Lester's directement \u00e0 votre porte.<\/p>\t\t\t\t\t\t\t\t<\/div>\n\t\t\t\t<\/div>\n\t\t\t\t<div class=\"elementor-element elementor-element-eca5253 elementor-align-left elementor-mobile-align-justify elementor-widget elementor-widget-button\" data-id=\"eca5253\" data-element_type=\"widget\" data-e-type=\"widget\" data-widget_type=\"button.default\">\n\t\t\t\t<div class=\"elementor-widget-container\">\n\t\t\t\t\t\t\t\t\t<div class=\"elementor-button-wrapper\">\n\t\t\t\t\t<a class=\"elementor-button elementor-button-link elementor-size-sm\" href=\"#elementor-action%3Aaction%3Dpopup%3Aopen%26settings%3DeyJpZCI6IjE4OTQiLCJ0b2dnbGUiOmZhbHNlfQ%3D%3D\" target=\"_blank\">\n\t\t\t\t\t\t<span class=\"elementor-button-content-wrapper\">\n\t\t\t\t\t\t\t\t\t<span class=\"elementor-button-text\">Online Delivery<\/span>\n\t\t\t\t\t<\/span>\n\t\t\t\t\t<\/a>\n\t\t\t\t<\/div>\n\t\t\t\t\t\t\t\t<\/div>\n\t\t\t\t<\/div>\n\t\t\t\t<\/div>\n\t\t<div class=\"elementor-element elementor-element-6afea8e9 e-con-full e-flex e-con e-child\" data-id=\"6afea8e9\" data-element_type=\"container\" data-e-type=\"container\" data-settings=\"{&quot;background_background&quot;:&quot;classic&quot;}\">\n\t\t\t\t<div class=\"elementor-element elementor-element-67de010 elementor-widget elementor-widget-image\" data-id=\"67de010\" data-element_type=\"widget\" data-e-type=\"widget\" data-widget_type=\"image.default\">\n\t\t\t\t<div class=\"elementor-widget-container\">\n\t\t\t\t\t\t\t\t\t\t\t\t\t\t\t<img decoding=\"async\" width=\"800\" height=\"600\" src=\"https:\/\/i0.wp.com\/lestersdeli.com\/wp-content\/uploads\/2023\/10\/DSC02419.webp?fit=800%2C600&amp;ssl=1\" class=\"attachment-large size-large wp-image-1463\" alt=\"\" srcset=\"https:\/\/i0.wp.com\/lestersdeli.com\/wp-content\/uploads\/2023\/10\/DSC02419.webp?w=1200&amp;ssl=1 1200w, https:\/\/i0.wp.com\/lestersdeli.com\/wp-content\/uploads\/2023\/10\/DSC02419.webp?resize=300%2C225&amp;ssl=1 300w, https:\/\/i0.wp.com\/lestersdeli.com\/wp-content\/uploads\/2023\/10\/DSC02419.webp?resize=1024%2C768&amp;ssl=1 1024w, https:\/\/i0.wp.com\/lestersdeli.com\/wp-content\/uploads\/2023\/10\/DSC02419.webp?resize=768%2C576&amp;ssl=1 768w\" sizes=\"(max-width: 800px) 100vw, 800px\">\t\t\t\t\t\t\t\t\t\t\t\t\t\t\t<\/div>\n\t\t\t\t<\/div>\n\t\t\t\t<div class=\"elementor-element elementor-element-ae8e738 elementor-widget elementor-widget-heading\" data-id=\"ae8e738\" data-element_type=\"widget\" data-e-type=\"widget\" data-widget_type=\"heading.default\">\n\t\t\t\t<div class=\"elementor-widget-container\">\n\t\t\t\t\t<h2 class=\"elementor-heading-title elementor-size-default\">Boutique en ligne de Lester<\/h2>\t\t\t\t<\/div>\n\t\t\t\t<\/div>\n\t\t\t\t<div class=\"elementor-element elementor-element-75b3d10 elementor-widget elementor-widget-text-editor\" data-id=\"75b3d10\" data-element_type=\"widget\" data-e-type=\"widget\" data-widget_type=\"text-editor.default\">\n\t\t\t\t<div class=\"elementor-widget-container\">\n\t\t\t\t\t\t\t\t\t<p>We provide fresh deli meats &amp; shipping options for you.<\/p>\t\t\t\t\t\t\t\t<\/div>\n\t\t\t\t<\/div>\n\t\t\t\t<div class=\"elementor-element elementor-element-c6c9489 elementor-align-left elementor-mobile-align-justify elementor-widget elementor-widget-button\" data-id=\"c6c9489\" data-element_type=\"widget\" data-e-type=\"widget\" data-widget_type=\"button.default\">\n\t\t\t\t<div class=\"elementor-widget-container\">\n\t\t\t\t\t\t\t\t\t<div class=\"elementor-button-wrapper\">\n\t\t\t\t\t<a class=\"elementor-button elementor-button-link elementor-size-sm\" href=\"\/fr\/shop-page\/\" target=\"_blank\">\n\t\t\t\t\t\t<span class=\"elementor-button-content-wrapper\">\n\t\t\t\t\t\t\t\t\t<span class=\"elementor-button-text\">Acheter<\/span>\n\t\t\t\t\t<\/span>\n\t\t\t\t\t<\/a>\n\t\t\t\t<\/div>\n\t\t\t\t\t\t\t\t<\/div>\n\t\t\t\t<\/div>\n\t\t\t\t<\/div>\n\t\t\t\t\t<\/div>\n\t\t\t\t<\/div>\n\t\t\t\t<\/div>","protected":false},"excerpt":{"rendered":"<p>Delivery Online! Get your Lester&#8217;s favorites delivered right to your doorstep. Online Delivery Lester&#8217;s Online Store We provide fresh deli meats &amp; shipping options for you. Shop Now<\/p>","protected":false},"author":1,"featured_media":0,"parent":0,"menu_order":0,"comment_status":"closed","ping_status":"closed","template":"elementor_header_footer","meta":{"footnotes":""},"class_list":["post-523","page","type-page","status-publish","hentry"],"jetpack_sharing_enabled":true,"_links":{"self":[{"href":"https:\/\/lestersdeli.com\/fr\/wp-json\/wp\/v2\/pages\/523","targetHints":{"allow":["GET"]}}],"collection":[{"href":"https:\/\/lestersdeli.com\/fr\/wp-json\/wp\/v2\/pages"}],"about":[{"href":"https:\/\/lestersdeli.com\/fr\/wp-json\/wp\/v2\/types\/page"}],"author":[{"embeddable":true,"href":"https:\/\/lestersdeli.com\/fr\/wp-json\/wp\/v2\/users\/1"}],"replies":[{"embeddable":true,"href":"https:\/\/lestersdeli.com\/fr\/wp-json\/wp\/v2\/comments?post=523"}],"version-history":[{"count":25,"href":"https:\/\/lestersdeli.com\/fr\/wp-json\/wp\/v2\/pages\/523\/revisions"}],"predecessor-version":[{"id":4277,"href":"https:\/\/lestersdeli.com\/fr\/wp-json\/wp\/v2\/pages\/523\/revisions\/4277"}],"wp:attachment":[{"href":"https:\/\/lestersdeli.com\/fr\/wp-json\/wp\/v2\/media?parent=523"}],"curies":[{"name":"wp","href":"https:\/\/api.w.org\/{rel}","templated":true}]}}