{"id":595,"date":"2023-09-04T21:53:18","date_gmt":"2023-09-04T21:53:18","guid":{"rendered":"https:\/\/lestersdeli.com\/?post_type=product&#038;p=595"},"modified":"2025-09-02T20:48:37","modified_gmt":"2025-09-03T00:48:37","slug":"smoked-meat-classic","status":"publish","type":"product","link":"https:\/\/lestersdeli.com\/fr\/produit\/smoked-meat-classic\/","title":{"rendered":"Viande fum\u00e9e classique"},"content":{"rendered":"<p>La viande fum\u00e9e OG, rehauss\u00e9e. Vous avez des saveurs classiques, le tout dans un emballage scell\u00e9 sous vide qui n'attend que vous pour l\u00e2cher le morceau avec du pain de seigle et de la moutarde maison.<\/p>","protected":false},"excerpt":{"rendered":"<p>La viande fum\u00e9e OG, rehauss\u00e9e. Vous avez des saveurs classiques, le tout dans un emballage scell\u00e9 sous vide qui n'attend que vous pour l\u00e2cher le morceau avec du pain de seigle et de la moutarde maison.<\/p>","protected":false},"featured_media":3644,"template":"","meta":[],"product_brand":[],"product_cat":[28],"product_tag":[70,27],"class_list":{"0":"post-595","1":"product","2":"type-product","3":"status-publish","4":"has-post-thumbnail","6":"product_cat-artisanal-meats","7":"product_tag-b2c","8":"product_tag-smoked-meat","10":"first","11":"instock","12":"purchasable","13":"product-type-variable"},"jetpack_sharing_enabled":true,"_links":{"self":[{"href":"https:\/\/lestersdeli.com\/fr\/wp-json\/wp\/v2\/product\/595","targetHints":{"allow":["GET"]}}],"collection":[{"href":"https:\/\/lestersdeli.com\/fr\/wp-json\/wp\/v2\/product"}],"about":[{"href":"https:\/\/lestersdeli.com\/fr\/wp-json\/wp\/v2\/types\/product"}],"wp:featuredmedia":[{"embeddable":true,"href":"https:\/\/lestersdeli.com\/fr\/wp-json\/wp\/v2\/media\/3644"}],"wp:attachment":[{"href":"https:\/\/lestersdeli.com\/fr\/wp-json\/wp\/v2\/media?parent=595"}],"wp:term":[{"taxonomy":"product_brand","embeddable":true,"href":"https:\/\/lestersdeli.com\/fr\/wp-json\/wp\/v2\/product_brand?post=595"},{"taxonomy":"product_cat","embeddable":true,"href":"https:\/\/lestersdeli.com\/fr\/wp-json\/wp\/v2\/product_cat?post=595"},{"taxonomy":"product_tag","embeddable":true,"href":"https:\/\/lestersdeli.com\/fr\/wp-json\/wp\/v2\/product_tag?post=595"}],"curies":[{"name":"wp","href":"https:\/\/api.w.org\/{rel}","templated":true}]}}