{"id":605,"date":"2023-09-04T22:27:17","date_gmt":"2023-09-04T22:27:17","guid":{"rendered":"https:\/\/lestersdeli.com\/?post_type=product&#038;p=605"},"modified":"2025-09-02T20:47:30","modified_gmt":"2025-09-03T00:47:30","slug":"roast-beef-brisket","status":"publish","type":"product","link":"https:\/\/lestersdeli.com\/fr\/produit\/roast-beef-brisket\/","title":{"rendered":"Brisket de b\u0153uf r\u00f4ti"},"content":{"rendered":"<p>Pensez \u00e0 la poitrine de b\u0153uf r\u00f4tie, mais faites-en une vedette. Marin\u00e9 \u00e0 la perfection, tranch\u00e9 et scell\u00e9 dans un sachet qui peut passer de z\u00e9ro \u00e0 h\u00e9ros plus vite que vous ne pouvez dire \"fromage suisse\".<\/p>","protected":false},"excerpt":{"rendered":"<p>Pensez \u00e0 la poitrine de b\u0153uf r\u00f4tie, mais faites-en une vedette. Marin\u00e9 \u00e0 la perfection, tranch\u00e9 et scell\u00e9 dans un sachet qui peut passer de z\u00e9ro \u00e0 h\u00e9ros plus vite que vous ne pouvez dire \"fromage suisse\".<\/p>","protected":false},"featured_media":2344,"template":"","meta":[],"product_brand":[],"product_cat":[28],"product_tag":[70],"class_list":{"0":"post-605","1":"product","2":"type-product","3":"status-publish","4":"has-post-thumbnail","6":"product_cat-artisanal-meats","7":"product_tag-b2c","9":"first","10":"instock","11":"purchasable","12":"product-type-variable"},"jetpack_sharing_enabled":true,"_links":{"self":[{"href":"https:\/\/lestersdeli.com\/fr\/wp-json\/wp\/v2\/product\/605","targetHints":{"allow":["GET"]}}],"collection":[{"href":"https:\/\/lestersdeli.com\/fr\/wp-json\/wp\/v2\/product"}],"about":[{"href":"https:\/\/lestersdeli.com\/fr\/wp-json\/wp\/v2\/types\/product"}],"wp:featuredmedia":[{"embeddable":true,"href":"https:\/\/lestersdeli.com\/fr\/wp-json\/wp\/v2\/media\/2344"}],"wp:attachment":[{"href":"https:\/\/lestersdeli.com\/fr\/wp-json\/wp\/v2\/media?parent=605"}],"wp:term":[{"taxonomy":"product_brand","embeddable":true,"href":"https:\/\/lestersdeli.com\/fr\/wp-json\/wp\/v2\/product_brand?post=605"},{"taxonomy":"product_cat","embeddable":true,"href":"https:\/\/lestersdeli.com\/fr\/wp-json\/wp\/v2\/product_cat?post=605"},{"taxonomy":"product_tag","embeddable":true,"href":"https:\/\/lestersdeli.com\/fr\/wp-json\/wp\/v2\/product_tag?post=605"}],"curies":[{"name":"wp","href":"https:\/\/api.w.org\/{rel}","templated":true}]}}