{"id":610,"date":"2023-09-04T22:32:23","date_gmt":"2023-09-04T22:32:23","guid":{"rendered":"https:\/\/lestersdeli.com\/?post_type=product&#038;p=610"},"modified":"2025-07-02T20:08:11","modified_gmt":"2025-07-03T00:08:11","slug":"smoked-turkey-breast","status":"publish","type":"product","link":"https:\/\/lestersdeli.com\/fr\/produit\/smoked-turkey-breast\/","title":{"rendered":"Poitrine de dinde fum\u00e9e"},"content":{"rendered":"<p>Succulente poitrine de dinde finement tranch\u00e9e aux notes fum\u00e9es, id\u00e9ale pour les salades ou les sandwichs.<\/p>","protected":false},"excerpt":{"rendered":"<p>Succulente poitrine de dinde finement tranch\u00e9e aux notes fum\u00e9es, id\u00e9ale pour les salades ou les sandwichs.<\/p>","protected":false},"featured_media":1233,"template":"","meta":[],"product_brand":[],"product_cat":[28],"product_tag":[70,29],"class_list":{"0":"post-610","1":"product","2":"type-product","3":"status-publish","4":"has-post-thumbnail","6":"product_cat-artisanal-meats","7":"product_tag-b2c","8":"product_tag-smoked-turkey-breast","10":"first","11":"instock","12":"purchasable","13":"product-type-variable"},"jetpack_sharing_enabled":true,"_links":{"self":[{"href":"https:\/\/lestersdeli.com\/fr\/wp-json\/wp\/v2\/product\/610","targetHints":{"allow":["GET"]}}],"collection":[{"href":"https:\/\/lestersdeli.com\/fr\/wp-json\/wp\/v2\/product"}],"about":[{"href":"https:\/\/lestersdeli.com\/fr\/wp-json\/wp\/v2\/types\/product"}],"wp:featuredmedia":[{"embeddable":true,"href":"https:\/\/lestersdeli.com\/fr\/wp-json\/wp\/v2\/media\/1233"}],"wp:attachment":[{"href":"https:\/\/lestersdeli.com\/fr\/wp-json\/wp\/v2\/media?parent=610"}],"wp:term":[{"taxonomy":"product_brand","embeddable":true,"href":"https:\/\/lestersdeli.com\/fr\/wp-json\/wp\/v2\/product_brand?post=610"},{"taxonomy":"product_cat","embeddable":true,"href":"https:\/\/lestersdeli.com\/fr\/wp-json\/wp\/v2\/product_cat?post=610"},{"taxonomy":"product_tag","embeddable":true,"href":"https:\/\/lestersdeli.com\/fr\/wp-json\/wp\/v2\/product_tag?post=610"}],"curies":[{"name":"wp","href":"https:\/\/api.w.org\/{rel}","templated":true}]}}