{"id":613,"date":"2023-09-04T22:47:19","date_gmt":"2023-09-04T22:47:19","guid":{"rendered":"https:\/\/lestersdeli.com\/?post_type=product&#038;p=613"},"modified":"2025-07-01T21:14:34","modified_gmt":"2025-07-02T01:14:34","slug":"salami","status":"publish","type":"product","link":"https:\/\/lestersdeli.com\/fr\/produit\/salami\/","title":{"rendered":"Karnatzel 100% B\u0153uf"},"content":{"rendered":"<p>D\u00e9couvrez le go\u00fbt riche de notre Karnatzel de b\u0153uf 100%, un classique de la charcuterie qui se marie parfaitement avec une tranche de seigle et une pointe de moutarde.<\/p>","protected":false},"excerpt":{"rendered":"<p>D\u00e9couvrez le go\u00fbt riche de notre Karnatzel de b\u0153uf 100%, un classique de la charcuterie qui se marie parfaitement avec une tranche de seigle et une pointe de moutarde.<\/p>","protected":false},"featured_media":1334,"template":"","meta":[],"product_brand":[],"product_cat":[28],"product_tag":[70,43],"class_list":{"0":"post-613","1":"product","2":"type-product","3":"status-publish","4":"has-post-thumbnail","6":"product_cat-artisanal-meats","7":"product_tag-b2c","8":"product_tag-karnatzel","10":"first","11":"instock","12":"purchasable","13":"product-type-variable"},"jetpack_sharing_enabled":true,"_links":{"self":[{"href":"https:\/\/lestersdeli.com\/fr\/wp-json\/wp\/v2\/product\/613","targetHints":{"allow":["GET"]}}],"collection":[{"href":"https:\/\/lestersdeli.com\/fr\/wp-json\/wp\/v2\/product"}],"about":[{"href":"https:\/\/lestersdeli.com\/fr\/wp-json\/wp\/v2\/types\/product"}],"wp:featuredmedia":[{"embeddable":true,"href":"https:\/\/lestersdeli.com\/fr\/wp-json\/wp\/v2\/media\/1334"}],"wp:attachment":[{"href":"https:\/\/lestersdeli.com\/fr\/wp-json\/wp\/v2\/media?parent=613"}],"wp:term":[{"taxonomy":"product_brand","embeddable":true,"href":"https:\/\/lestersdeli.com\/fr\/wp-json\/wp\/v2\/product_brand?post=613"},{"taxonomy":"product_cat","embeddable":true,"href":"https:\/\/lestersdeli.com\/fr\/wp-json\/wp\/v2\/product_cat?post=613"},{"taxonomy":"product_tag","embeddable":true,"href":"https:\/\/lestersdeli.com\/fr\/wp-json\/wp\/v2\/product_tag?post=613"}],"curies":[{"name":"wp","href":"https:\/\/api.w.org\/{rel}","templated":true}]}}