{"id":614,"date":"2023-09-04T22:49:14","date_gmt":"2023-09-04T22:49:14","guid":{"rendered":"https:\/\/lestersdeli.com\/?post_type=product&#038;p=614"},"modified":"2025-07-01T21:13:11","modified_gmt":"2025-07-02T01:13:11","slug":"stuffed-chicken","status":"publish","type":"product","link":"https:\/\/lestersdeli.com\/fr\/produit\/stuffed-chicken\/","title":{"rendered":"Poulet farci"},"content":{"rendered":"<p>Le favori de la famille : Cette charcuterie au poulet est un succ\u00e8s pour tous les \u00e2ges - un vrai r\u00e9gal pour les foules.<\/p>","protected":false},"excerpt":{"rendered":"<p>Le favori de la famille : Cette charcuterie au poulet est un succ\u00e8s pour tous les \u00e2ges - un vrai r\u00e9gal pour les foules.<\/p>","protected":false},"featured_media":3638,"template":"","meta":[],"product_brand":[],"product_cat":[28],"product_tag":[70,31],"class_list":{"0":"post-614","1":"product","2":"type-product","3":"status-publish","4":"has-post-thumbnail","6":"product_cat-artisanal-meats","7":"product_tag-b2c","8":"product_tag-stuffed-chicken","10":"first","11":"instock","12":"purchasable","13":"product-type-variable"},"jetpack_sharing_enabled":true,"_links":{"self":[{"href":"https:\/\/lestersdeli.com\/fr\/wp-json\/wp\/v2\/product\/614","targetHints":{"allow":["GET"]}}],"collection":[{"href":"https:\/\/lestersdeli.com\/fr\/wp-json\/wp\/v2\/product"}],"about":[{"href":"https:\/\/lestersdeli.com\/fr\/wp-json\/wp\/v2\/types\/product"}],"wp:featuredmedia":[{"embeddable":true,"href":"https:\/\/lestersdeli.com\/fr\/wp-json\/wp\/v2\/media\/3638"}],"wp:attachment":[{"href":"https:\/\/lestersdeli.com\/fr\/wp-json\/wp\/v2\/media?parent=614"}],"wp:term":[{"taxonomy":"product_brand","embeddable":true,"href":"https:\/\/lestersdeli.com\/fr\/wp-json\/wp\/v2\/product_brand?post=614"},{"taxonomy":"product_cat","embeddable":true,"href":"https:\/\/lestersdeli.com\/fr\/wp-json\/wp\/v2\/product_cat?post=614"},{"taxonomy":"product_tag","embeddable":true,"href":"https:\/\/lestersdeli.com\/fr\/wp-json\/wp\/v2\/product_tag?post=614"}],"curies":[{"name":"wp","href":"https:\/\/api.w.org\/{rel}","templated":true}]}}