{"id":615,"date":"2023-09-04T22:53:03","date_gmt":"2023-09-04T22:53:03","guid":{"rendered":"https:\/\/lestersdeli.com\/?post_type=product&#038;p=615"},"modified":"2025-07-02T20:07:03","modified_gmt":"2025-07-03T00:07:03","slug":"atlantic-smoked-salmon","status":"publish","type":"product","link":"https:\/\/lestersdeli.com\/fr\/produit\/atlantic-smoked-salmon\/","title":{"rendered":"Saumon fum\u00e9 de l'Atlantique"},"content":{"rendered":"<p>Le d\u00e9lice des gourmets : Le saumon de qualit\u00e9 sushi, infus\u00e9 au cognac et au sucre d'\u00e9rable, cr\u00e9e une v\u00e9ritable exp\u00e9rience \u00e9picurienne.<\/p>","protected":false},"excerpt":{"rendered":"<p>Le d\u00e9lice des gourmets : Le saumon de qualit\u00e9 sushi, infus\u00e9 au cognac et au sucre d'\u00e9rable, cr\u00e9e une v\u00e9ritable exp\u00e9rience \u00e9picurienne.<\/p>","protected":false},"featured_media":2345,"template":"","meta":[],"product_brand":[],"product_cat":[32],"product_tag":[33,70],"class_list":{"0":"post-615","1":"product","2":"type-product","3":"status-publish","4":"has-post-thumbnail","6":"product_cat-from-the-sea","7":"product_tag-atlantic-smoked-salmon","8":"product_tag-b2c","10":"first","11":"instock","12":"purchasable","13":"product-type-variable"},"jetpack_sharing_enabled":true,"_links":{"self":[{"href":"https:\/\/lestersdeli.com\/fr\/wp-json\/wp\/v2\/product\/615","targetHints":{"allow":["GET"]}}],"collection":[{"href":"https:\/\/lestersdeli.com\/fr\/wp-json\/wp\/v2\/product"}],"about":[{"href":"https:\/\/lestersdeli.com\/fr\/wp-json\/wp\/v2\/types\/product"}],"wp:featuredmedia":[{"embeddable":true,"href":"https:\/\/lestersdeli.com\/fr\/wp-json\/wp\/v2\/media\/2345"}],"wp:attachment":[{"href":"https:\/\/lestersdeli.com\/fr\/wp-json\/wp\/v2\/media?parent=615"}],"wp:term":[{"taxonomy":"product_brand","embeddable":true,"href":"https:\/\/lestersdeli.com\/fr\/wp-json\/wp\/v2\/product_brand?post=615"},{"taxonomy":"product_cat","embeddable":true,"href":"https:\/\/lestersdeli.com\/fr\/wp-json\/wp\/v2\/product_cat?post=615"},{"taxonomy":"product_tag","embeddable":true,"href":"https:\/\/lestersdeli.com\/fr\/wp-json\/wp\/v2\/product_tag?post=615"}],"curies":[{"name":"wp","href":"https:\/\/api.w.org\/{rel}","templated":true}]}}