{"id":617,"date":"2023-09-04T22:55:00","date_gmt":"2023-09-04T22:55:00","guid":{"rendered":"https:\/\/lestersdeli.com\/?post_type=product&#038;p=617"},"modified":"2026-01-07T13:00:33","modified_gmt":"2026-01-07T18:00:33","slug":"lesters-house-mustard","status":"publish","type":"product","link":"https:\/\/lestersdeli.com\/fr\/produit\/lesters-house-mustard\/","title":{"rendered":"Moutarde Lester's House"},"content":{"rendered":"<p>L'\u00e9l\u00e9vateur de saveur : Ce m\u00e9lange de moutarde ajoute une couche suppl\u00e9mentaire de complexit\u00e9, \u00e9levant chaque bouch\u00e9e de bonne \u00e0 inoubliable.<\/p>","protected":false},"excerpt":{"rendered":"<p>L'\u00e9l\u00e9vateur de saveur : Ce m\u00e9lange de moutarde ajoute une couche suppl\u00e9mentaire de complexit\u00e9, \u00e9levant chaque bouch\u00e9e de bonne \u00e0 inoubliable.<\/p>","protected":false},"featured_media":1229,"template":"","meta":[],"product_brand":[],"product_cat":[34],"product_tag":[70,35],"class_list":{"0":"post-617","1":"product","2":"type-product","3":"status-publish","4":"has-post-thumbnail","6":"product_cat-condiments-sides","7":"product_tag-b2c","8":"product_tag-house-mustard","10":"first","11":"outofstock","12":"purchasable","13":"product-type-simple"},"jetpack_sharing_enabled":true,"_links":{"self":[{"href":"https:\/\/lestersdeli.com\/fr\/wp-json\/wp\/v2\/product\/617","targetHints":{"allow":["GET"]}}],"collection":[{"href":"https:\/\/lestersdeli.com\/fr\/wp-json\/wp\/v2\/product"}],"about":[{"href":"https:\/\/lestersdeli.com\/fr\/wp-json\/wp\/v2\/types\/product"}],"wp:featuredmedia":[{"embeddable":true,"href":"https:\/\/lestersdeli.com\/fr\/wp-json\/wp\/v2\/media\/1229"}],"wp:attachment":[{"href":"https:\/\/lestersdeli.com\/fr\/wp-json\/wp\/v2\/media?parent=617"}],"wp:term":[{"taxonomy":"product_brand","embeddable":true,"href":"https:\/\/lestersdeli.com\/fr\/wp-json\/wp\/v2\/product_brand?post=617"},{"taxonomy":"product_cat","embeddable":true,"href":"https:\/\/lestersdeli.com\/fr\/wp-json\/wp\/v2\/product_cat?post=617"},{"taxonomy":"product_tag","embeddable":true,"href":"https:\/\/lestersdeli.com\/fr\/wp-json\/wp\/v2\/product_tag?post=617"}],"curies":[{"name":"wp","href":"https:\/\/api.w.org\/{rel}","templated":true}]}}