{"id":619,"date":"2023-09-04T22:58:25","date_gmt":"2023-09-04T22:58:25","guid":{"rendered":"https:\/\/lestersdeli.com\/?post_type=product&#038;p=619"},"modified":"2025-07-01T21:20:45","modified_gmt":"2025-07-02T01:20:45","slug":"dill-pickles","status":"publish","type":"product","link":"https:\/\/lestersdeli.com\/fr\/produit\/dill-pickles\/","title":{"rendered":"Bocal de cornichons \u00e0 l'aneth"},"content":{"rendered":"<p>Le croustillant classique : Savourez le croquant de nos cornichons \u00e0 l'aneth vieillis en f\u00fbt, conditionn\u00e9s dans un grand bocal de 6 cornichons.<\/p>","protected":false},"excerpt":{"rendered":"<p>Le croustillant classique : Savourez le croquant de nos cornichons \u00e0 l'aneth vieillis en f\u00fbt, conditionn\u00e9s dans un grand bocal.<\/p>","protected":false},"featured_media":3836,"template":"","meta":[],"product_brand":[],"product_cat":[34],"product_tag":[70,37],"class_list":{"0":"post-619","1":"product","2":"type-product","3":"status-publish","4":"has-post-thumbnail","6":"product_cat-condiments-sides","7":"product_tag-b2c","8":"product_tag-dill-pickles","10":"first","11":"instock","12":"purchasable","13":"product-type-simple"},"jetpack_sharing_enabled":true,"_links":{"self":[{"href":"https:\/\/lestersdeli.com\/fr\/wp-json\/wp\/v2\/product\/619","targetHints":{"allow":["GET"]}}],"collection":[{"href":"https:\/\/lestersdeli.com\/fr\/wp-json\/wp\/v2\/product"}],"about":[{"href":"https:\/\/lestersdeli.com\/fr\/wp-json\/wp\/v2\/types\/product"}],"wp:featuredmedia":[{"embeddable":true,"href":"https:\/\/lestersdeli.com\/fr\/wp-json\/wp\/v2\/media\/3836"}],"wp:attachment":[{"href":"https:\/\/lestersdeli.com\/fr\/wp-json\/wp\/v2\/media?parent=619"}],"wp:term":[{"taxonomy":"product_brand","embeddable":true,"href":"https:\/\/lestersdeli.com\/fr\/wp-json\/wp\/v2\/product_brand?post=619"},{"taxonomy":"product_cat","embeddable":true,"href":"https:\/\/lestersdeli.com\/fr\/wp-json\/wp\/v2\/product_cat?post=619"},{"taxonomy":"product_tag","embeddable":true,"href":"https:\/\/lestersdeli.com\/fr\/wp-json\/wp\/v2\/product_tag?post=619"}],"curies":[{"name":"wp","href":"https:\/\/api.w.org\/{rel}","templated":true}]}}