{"id":620,"date":"2023-09-04T23:02:51","date_gmt":"2023-09-04T23:02:51","guid":{"rendered":"https:\/\/lestersdeli.com\/?post_type=product&#038;p=620"},"modified":"2025-07-02T20:48:00","modified_gmt":"2025-07-03T00:48:00","slug":"lesters-steak-spices","status":"publish","type":"product","link":"https:\/\/lestersdeli.com\/fr\/produit\/lesters-steak-spices\/","title":{"rendered":"\u00c9pices \u00e0 steak Lester's"},"content":{"rendered":"<p>L'exhausteur de go\u00fbt : Un m\u00e9lange polyvalent qui transforme n'importe quel steak en un chef-d'\u0153uvre culinaire.<\/p>","protected":false},"excerpt":{"rendered":"<p>L'exhausteur de go\u00fbt : Un m\u00e9lange polyvalent qui transforme n'importe quel steak en un chef-d'\u0153uvre culinaire.<\/p>","protected":false},"featured_media":1228,"template":"","meta":[],"product_brand":[],"product_cat":[34],"product_tag":[38],"class_list":{"0":"post-620","1":"product","2":"type-product","3":"status-publish","4":"has-post-thumbnail","6":"product_cat-condiments-sides","7":"product_tag-steak-spices","9":"first","10":"instock","11":"purchasable","12":"product-type-variable"},"jetpack_sharing_enabled":true,"_links":{"self":[{"href":"https:\/\/lestersdeli.com\/fr\/wp-json\/wp\/v2\/product\/620","targetHints":{"allow":["GET"]}}],"collection":[{"href":"https:\/\/lestersdeli.com\/fr\/wp-json\/wp\/v2\/product"}],"about":[{"href":"https:\/\/lestersdeli.com\/fr\/wp-json\/wp\/v2\/types\/product"}],"wp:featuredmedia":[{"embeddable":true,"href":"https:\/\/lestersdeli.com\/fr\/wp-json\/wp\/v2\/media\/1228"}],"wp:attachment":[{"href":"https:\/\/lestersdeli.com\/fr\/wp-json\/wp\/v2\/media?parent=620"}],"wp:term":[{"taxonomy":"product_brand","embeddable":true,"href":"https:\/\/lestersdeli.com\/fr\/wp-json\/wp\/v2\/product_brand?post=620"},{"taxonomy":"product_cat","embeddable":true,"href":"https:\/\/lestersdeli.com\/fr\/wp-json\/wp\/v2\/product_cat?post=620"},{"taxonomy":"product_tag","embeddable":true,"href":"https:\/\/lestersdeli.com\/fr\/wp-json\/wp\/v2\/product_tag?post=620"}],"curies":[{"name":"wp","href":"https:\/\/api.w.org\/{rel}","templated":true}]}}