{"id":623,"date":"2023-09-04T23:05:46","date_gmt":"2023-09-04T23:05:46","guid":{"rendered":"https:\/\/lestersdeli.com\/?post_type=product&#038;p=623"},"modified":"2025-07-01T20:54:48","modified_gmt":"2025-07-02T00:54:48","slug":"chefs-salad-spices","status":"publish","type":"product","link":"https:\/\/lestersdeli.com\/fr\/produit\/chefs-salad-spices\/","title":{"rendered":"\u00c9pices \u00e0 salade du chef"},"content":{"rendered":"<p>The Gourmet Sprinkle : Un m\u00e9lange aromatique d'herbes parfait pour les salades vertes, les pommes de terre au four et bien plus encore !<\/p>","protected":false},"excerpt":{"rendered":"<p>The Gourmet Sprinkle : Un m\u00e9lange aromatique d'herbes parfait pour les salades vertes, les pommes de terre au four et bien plus encore !<\/p>","protected":false},"featured_media":1704,"template":"","meta":[],"product_brand":[],"product_cat":[34],"product_tag":[70,39],"class_list":{"0":"post-623","1":"product","2":"type-product","3":"status-publish","4":"has-post-thumbnail","6":"product_cat-condiments-sides","7":"product_tag-b2c","8":"product_tag-salad-spices","10":"first","11":"instock","12":"purchasable","13":"product-type-variable"},"jetpack_sharing_enabled":true,"_links":{"self":[{"href":"https:\/\/lestersdeli.com\/fr\/wp-json\/wp\/v2\/product\/623","targetHints":{"allow":["GET"]}}],"collection":[{"href":"https:\/\/lestersdeli.com\/fr\/wp-json\/wp\/v2\/product"}],"about":[{"href":"https:\/\/lestersdeli.com\/fr\/wp-json\/wp\/v2\/types\/product"}],"wp:featuredmedia":[{"embeddable":true,"href":"https:\/\/lestersdeli.com\/fr\/wp-json\/wp\/v2\/media\/1704"}],"wp:attachment":[{"href":"https:\/\/lestersdeli.com\/fr\/wp-json\/wp\/v2\/media?parent=623"}],"wp:term":[{"taxonomy":"product_brand","embeddable":true,"href":"https:\/\/lestersdeli.com\/fr\/wp-json\/wp\/v2\/product_brand?post=623"},{"taxonomy":"product_cat","embeddable":true,"href":"https:\/\/lestersdeli.com\/fr\/wp-json\/wp\/v2\/product_cat?post=623"},{"taxonomy":"product_tag","embeddable":true,"href":"https:\/\/lestersdeli.com\/fr\/wp-json\/wp\/v2\/product_tag?post=623"}],"curies":[{"name":"wp","href":"https:\/\/api.w.org\/{rel}","templated":true}]}}