{"id":626,"date":"2023-09-04T23:09:36","date_gmt":"2023-09-04T23:09:36","guid":{"rendered":"https:\/\/lestersdeli.com\/?post_type=product&#038;p=626"},"modified":"2025-07-01T20:53:04","modified_gmt":"2025-07-02T00:53:04","slug":"rye-bread-loaf","status":"publish","type":"product","link":"https:\/\/lestersdeli.com\/fr\/produit\/rye-bread-loaf\/","title":{"rendered":"Pain de seigle"},"content":{"rendered":"<p>Le compagnon id\u00e9al : Fra\u00eechement cuit pour compl\u00e9ter vos s\u00e9lections de charcuterie.<\/p>","protected":false},"excerpt":{"rendered":"<p>Le compagnon id\u00e9al : Fra\u00eechement cuit pour compl\u00e9ter vos s\u00e9lections de charcuterie.<\/p>","protected":false},"featured_media":1230,"template":"","meta":[],"product_brand":[],"product_cat":[40],"product_tag":[70,41],"class_list":{"0":"post-626","1":"product","2":"type-product","3":"status-publish","4":"has-post-thumbnail","6":"product_cat-bakery-fresh-from-the-oven","7":"product_tag-b2c","8":"product_tag-rye-bread","10":"first","11":"instock","12":"purchasable","13":"product-type-variable"},"jetpack_sharing_enabled":true,"_links":{"self":[{"href":"https:\/\/lestersdeli.com\/fr\/wp-json\/wp\/v2\/product\/626","targetHints":{"allow":["GET"]}}],"collection":[{"href":"https:\/\/lestersdeli.com\/fr\/wp-json\/wp\/v2\/product"}],"about":[{"href":"https:\/\/lestersdeli.com\/fr\/wp-json\/wp\/v2\/types\/product"}],"wp:featuredmedia":[{"embeddable":true,"href":"https:\/\/lestersdeli.com\/fr\/wp-json\/wp\/v2\/media\/1230"}],"wp:attachment":[{"href":"https:\/\/lestersdeli.com\/fr\/wp-json\/wp\/v2\/media?parent=626"}],"wp:term":[{"taxonomy":"product_brand","embeddable":true,"href":"https:\/\/lestersdeli.com\/fr\/wp-json\/wp\/v2\/product_brand?post=626"},{"taxonomy":"product_cat","embeddable":true,"href":"https:\/\/lestersdeli.com\/fr\/wp-json\/wp\/v2\/product_cat?post=626"},{"taxonomy":"product_tag","embeddable":true,"href":"https:\/\/lestersdeli.com\/fr\/wp-json\/wp\/v2\/product_tag?post=626"}],"curies":[{"name":"wp","href":"https:\/\/api.w.org\/{rel}","templated":true}]}}