{"id":633,"date":"2023-09-04T23:29:40","date_gmt":"2023-09-04T23:29:40","guid":{"rendered":"https:\/\/lestersdeli.com\/?post_type=product&#038;p=633"},"modified":"2025-07-01T20:50:09","modified_gmt":"2025-07-02T00:50:09","slug":"all-beef-salami","status":"publish","type":"product","link":"https:\/\/lestersdeli.com\/fr\/produit\/all-beef-salami\/","title":{"rendered":"Salami tout b\u0153uf"},"content":{"rendered":"<p>Riche, charnu et plein de caract\u00e8re, ce salami est le Pavarotti de notre chorale de viandes - plus grand que nature, dans tous les sens du terme. Un v\u00e9ritable r\u00eave pour les amateurs de viande !<\/p>","protected":false},"excerpt":{"rendered":"<p>Riche, charnu et plein de caract\u00e8re, ce salami est le Pavarotti de notre chorale de viandes - plus grand que nature, dans tous les sens du terme. Un v\u00e9ritable r\u00eave pour les amateurs de viande !<\/p>","protected":false},"featured_media":1336,"template":"","meta":[],"product_brand":[],"product_cat":[28],"product_tag":[70,30],"class_list":{"0":"post-633","1":"product","2":"type-product","3":"status-publish","4":"has-post-thumbnail","6":"product_cat-artisanal-meats","7":"product_tag-b2c","8":"product_tag-salami","10":"first","11":"instock","12":"purchasable","13":"product-type-variable"},"jetpack_sharing_enabled":true,"_links":{"self":[{"href":"https:\/\/lestersdeli.com\/fr\/wp-json\/wp\/v2\/product\/633","targetHints":{"allow":["GET"]}}],"collection":[{"href":"https:\/\/lestersdeli.com\/fr\/wp-json\/wp\/v2\/product"}],"about":[{"href":"https:\/\/lestersdeli.com\/fr\/wp-json\/wp\/v2\/types\/product"}],"wp:featuredmedia":[{"embeddable":true,"href":"https:\/\/lestersdeli.com\/fr\/wp-json\/wp\/v2\/media\/1336"}],"wp:attachment":[{"href":"https:\/\/lestersdeli.com\/fr\/wp-json\/wp\/v2\/media?parent=633"}],"wp:term":[{"taxonomy":"product_brand","embeddable":true,"href":"https:\/\/lestersdeli.com\/fr\/wp-json\/wp\/v2\/product_brand?post=633"},{"taxonomy":"product_cat","embeddable":true,"href":"https:\/\/lestersdeli.com\/fr\/wp-json\/wp\/v2\/product_cat?post=633"},{"taxonomy":"product_tag","embeddable":true,"href":"https:\/\/lestersdeli.com\/fr\/wp-json\/wp\/v2\/product_tag?post=633"}],"curies":[{"name":"wp","href":"https:\/\/api.w.org\/{rel}","templated":true}]}}