{"id":641,"date":"2023-09-04T23:57:13","date_gmt":"2023-09-04T23:57:13","guid":{"rendered":"https:\/\/lestersdeli.com\/?post_type=product&#038;p=641"},"modified":"2025-07-01T20:48:43","modified_gmt":"2025-07-02T00:48:43","slug":"gourmet-hot-dogs","status":"publish","type":"product","link":"https:\/\/lestersdeli.com\/fr\/produit\/gourmet-hot-dogs\/","title":{"rendered":"Hot Dogs Gourmets (paquet de 5)"},"content":{"rendered":"<p>Satisfaites vos envies de barbecue avec nos hot-dogs jumbo juteux, tout b\u0153uf - un r\u00e9gal \u00e0 chaque bouch\u00e9e ! Et le meilleur ? Ils sont offerts en paquets de 5, ce qui les rend parfaits pour le partage ou pour une performance solo indulgente.<\/p>","protected":false},"excerpt":{"rendered":"<p>Satisfaites vos envies de barbecue avec nos hot-dogs jumbo juteux, tout b\u0153uf - un r\u00e9gal \u00e0 chaque bouch\u00e9e ! Et le meilleur ? Ils sont offerts en paquets de 5, ce qui les rend parfaits pour le partage ou pour une performance solo indulgente.<\/p>","protected":false},"featured_media":2343,"template":"","meta":[],"product_brand":[],"product_cat":[28],"product_tag":[70,44],"class_list":{"0":"post-641","1":"product","2":"type-product","3":"status-publish","4":"has-post-thumbnail","6":"product_cat-artisanal-meats","7":"product_tag-b2c","8":"product_tag-hot-dogs","10":"first","11":"instock","12":"purchasable","13":"product-type-variable"},"jetpack_sharing_enabled":true,"_links":{"self":[{"href":"https:\/\/lestersdeli.com\/fr\/wp-json\/wp\/v2\/product\/641","targetHints":{"allow":["GET"]}}],"collection":[{"href":"https:\/\/lestersdeli.com\/fr\/wp-json\/wp\/v2\/product"}],"about":[{"href":"https:\/\/lestersdeli.com\/fr\/wp-json\/wp\/v2\/types\/product"}],"wp:featuredmedia":[{"embeddable":true,"href":"https:\/\/lestersdeli.com\/fr\/wp-json\/wp\/v2\/media\/2343"}],"wp:attachment":[{"href":"https:\/\/lestersdeli.com\/fr\/wp-json\/wp\/v2\/media?parent=641"}],"wp:term":[{"taxonomy":"product_brand","embeddable":true,"href":"https:\/\/lestersdeli.com\/fr\/wp-json\/wp\/v2\/product_brand?post=641"},{"taxonomy":"product_cat","embeddable":true,"href":"https:\/\/lestersdeli.com\/fr\/wp-json\/wp\/v2\/product_cat?post=641"},{"taxonomy":"product_tag","embeddable":true,"href":"https:\/\/lestersdeli.com\/fr\/wp-json\/wp\/v2\/product_tag?post=641"}],"curies":[{"name":"wp","href":"https:\/\/api.w.org\/{rel}","templated":true}]}}