{"id":643,"date":"2023-09-05T00:04:17","date_gmt":"2023-09-05T00:04:17","guid":{"rendered":"https:\/\/lestersdeli.com\/?post_type=product&#038;p=643"},"modified":"2025-11-25T11:50:41","modified_gmt":"2025-11-25T16:50:41","slug":"whole-smoked-turkey","status":"publish","type":"product","link":"https:\/\/lestersdeli.com\/fr\/produit\/whole-smoked-turkey\/","title":{"rendered":"Dinde fum\u00e9e enti\u00e8re - Disponibilit\u00e9 saisonni\u00e8re"},"content":{"rendered":"<p>Rehaussez vos f\u00eates de fin d'ann\u00e9e ou vos occasions sp\u00e9ciales avec nos dindes fum\u00e9es dor\u00e9es. Ces chefs-d'\u0153uvre culinaires sont m\u00e9ticuleusement assaisonn\u00e9s et fum\u00e9s \u00e0 la perfection.<\/p>\n<p><strong>Poids et prix<\/strong>:<br \/>\nWeighing in at an average of 13 lbs and priced at $17\/lb, these turkeys are the show-stoppers your table has been waiting for.<\/p>\n<p><strong>Plus de commodit\u00e9<\/strong>:<br \/>\nVous voulez rendre votre exp\u00e9rience culinaire encore plus facile ? Nous proposons des services de sculpture suppl\u00e9mentaires moyennant un petit suppl\u00e9ment.<\/p>\n<p><strong>Exp\u00e9dition :<br \/>\n<\/strong>Et pour nos fans les plus \u00e9loign\u00e9s, r\u00e9jouissez-vous ! Nous proposons une livraison dans tout le pays.<\/p>\n<p><strong>Comment commander<\/strong>:<br \/>\nPr\u00eat \u00e0 transformer votre table ? Appelez-nous au (<strong>514) 213-1313<\/strong> pour passer votre commande.<\/p>\n<p>&nbsp;<\/p>","protected":false},"excerpt":{"rendered":"<p>Transformez votre table de f\u00eate avec nos dindes fum\u00e9es dor\u00e9es, assaisonn\u00e9es et fum\u00e9es \u00e0 la perfection. Pour une exp\u00e9rience parfaite, nous proposons des services de d\u00e9coupe suppl\u00e9mentaires.<\/p>\n<p>&nbsp;<\/p>","protected":false},"featured_media":3646,"template":"","meta":[],"product_brand":[],"product_cat":[28],"product_tag":[70,45],"class_list":{"0":"post-643","1":"product","2":"type-product","3":"status-publish","4":"has-post-thumbnail","6":"product_cat-artisanal-meats","7":"product_tag-b2c","8":"product_tag-smoked-turkey","10":"first","11":"instock","12":"taxable","13":"shipping-taxable","14":"product-type-simple"},"jetpack_sharing_enabled":true,"_links":{"self":[{"href":"https:\/\/lestersdeli.com\/fr\/wp-json\/wp\/v2\/product\/643","targetHints":{"allow":["GET"]}}],"collection":[{"href":"https:\/\/lestersdeli.com\/fr\/wp-json\/wp\/v2\/product"}],"about":[{"href":"https:\/\/lestersdeli.com\/fr\/wp-json\/wp\/v2\/types\/product"}],"wp:featuredmedia":[{"embeddable":true,"href":"https:\/\/lestersdeli.com\/fr\/wp-json\/wp\/v2\/media\/3646"}],"wp:attachment":[{"href":"https:\/\/lestersdeli.com\/fr\/wp-json\/wp\/v2\/media?parent=643"}],"wp:term":[{"taxonomy":"product_brand","embeddable":true,"href":"https:\/\/lestersdeli.com\/fr\/wp-json\/wp\/v2\/product_brand?post=643"},{"taxonomy":"product_cat","embeddable":true,"href":"https:\/\/lestersdeli.com\/fr\/wp-json\/wp\/v2\/product_cat?post=643"},{"taxonomy":"product_tag","embeddable":true,"href":"https:\/\/lestersdeli.com\/fr\/wp-json\/wp\/v2\/product_tag?post=643"}],"curies":[{"name":"wp","href":"https:\/\/api.w.org\/{rel}","templated":true}]}}